{"id":10571,"date":"2024-07-23T08:30:00","date_gmt":"2024-07-23T08:30:00","guid":{"rendered":"https:\/\/dev.moradfoods.com\/?page_id=10571"},"modified":"2024-07-31T12:48:38","modified_gmt":"2024-07-31T12:48:38","slug":"certificate","status":"publish","type":"page","link":"https:\/\/moradfoods.com\/en\/certificate\/","title":{"rendered":"Certificates"},"content":{"rendered":"<div data-elementor-type=\"wp-page\" data-elementor-id=\"10571\" class=\"elementor elementor-10571\">\n\t\t\t\t<div class=\"elementor-element elementor-element-b7c6ebb e-flex e-con-boxed e-con e-parent\" data-id=\"b7c6ebb\" data-element_type=\"container\">\n\t\t\t\t\t<div class=\"e-con-inner\">\n\t\t\t\t<div class=\"elementor-element elementor-element-565d901 elementor-widget elementor-widget-shortcode\" data-id=\"565d901\" data-element_type=\"widget\" data-widget_type=\"shortcode.default\">\n\t\t\t\t<div class=\"elementor-widget-container\">\n\t\t\t\t\t<div class=\"elementor-shortcode\">\t\t<div data-elementor-type=\"wp-post\" data-elementor-id=\"10566\" class=\"elementor elementor-10566\">\n\t\t\t\t\t\t<section class=\"elementor-section elementor-top-section elementor-element elementor-element-d66e45f elementor-section-stretched delivery elementor-section-boxed elementor-section-height-default elementor-section-height-default\" data-id=\"d66e45f\" data-element_type=\"section\" data-settings=\"{&quot;stretch_section&quot;:&quot;section-stretched&quot;,&quot;background_background&quot;:&quot;classic&quot;}\">\n\t\t\t\t\t\t<div class=\"elementor-container elementor-column-gap-no\">\n\t\t\t\t\t<div class=\"elementor-column elementor-col-100 elementor-top-column elementor-element elementor-element-c2a8379 elementor-invisible\" data-id=\"c2a8379\" data-element_type=\"column\" data-settings=\"{&quot;animation&quot;:&quot;fadeInUp&quot;}\">\n\t\t\t<div class=\"elementor-widget-wrap elementor-element-populated\">\n\t\t\t\t\t\t<div class=\"elementor-element elementor-element-3cfccc5 elementor-widget__width-initial elementor-widget elementor-widget-heading\" data-id=\"3cfccc5\" data-element_type=\"widget\" data-widget_type=\"heading.default\">\n\t\t\t\t<div class=\"elementor-widget-container\">\n\t\t\t<style>\/*! elementor - v3.23.0 - 15-07-2024 *\/\n.elementor-heading-title{padding:0;margin:0;line-height:1}.elementor-widget-heading .elementor-heading-title[class*=elementor-size-]>a{color:inherit;font-size:inherit;line-height:inherit}.elementor-widget-heading .elementor-heading-title.elementor-size-small{font-size:15px}.elementor-widget-heading .elementor-heading-title.elementor-size-medium{font-size:19px}.elementor-widget-heading .elementor-heading-title.elementor-size-large{font-size:29px}.elementor-widget-heading .elementor-heading-title.elementor-size-xl{font-size:39px}.elementor-widget-heading .elementor-heading-title.elementor-size-xxl{font-size:59px}<\/style><h1 class=\"elementor-heading-title elementor-size-default\">Certificates\n<\/h1>\t\t<\/div>\n\t\t\t\t<\/div>\n\t\t\t\t\t<\/div>\n\t\t<\/div>\n\t\t\t\t\t<\/div>\n\t\t<\/section>\n\t\t\t\t<\/div>\n\t\t<\/div>\n\t\t\t\t<\/div>\n\t\t\t\t<\/div>\n\t\t\t\t\t<\/div>\n\t\t\t\t<\/div>\n\t\t<div class=\"elementor-element elementor-element-a2282c8 e-flex e-con-boxed e-con e-parent\" data-id=\"a2282c8\" data-element_type=\"container\">\n\t\t\t\t\t<div class=\"e-con-inner\">\n\t\t\t\t<div class=\"elementor-element elementor-element-8a4199b elementor-widget__width-initial elementor-widget elementor-widget-text-editor\" data-id=\"8a4199b\" data-element_type=\"widget\" data-widget_type=\"text-editor.default\">\n\t\t\t\t<div class=\"elementor-widget-container\">\n\t\t\t<style>\/*! elementor - v3.23.0 - 15-07-2024 *\/\n.elementor-widget-text-editor.elementor-drop-cap-view-stacked .elementor-drop-cap{background-color:#69727d;color:#fff}.elementor-widget-text-editor.elementor-drop-cap-view-framed .elementor-drop-cap{color:#69727d;border:3px solid;background-color:transparent}.elementor-widget-text-editor:not(.elementor-drop-cap-view-default) .elementor-drop-cap{margin-top:8px}.elementor-widget-text-editor:not(.elementor-drop-cap-view-default) .elementor-drop-cap-letter{width:1em;height:1em}.elementor-widget-text-editor .elementor-drop-cap{float:left;text-align:center;line-height:1;font-size:50px}.elementor-widget-text-editor .elementor-drop-cap-letter{display:inline-block}<\/style>\t\t\t\t<p>Our focus is on creating high-quality products. In this regard, we have achieved important certifications over time:<\/p><p>-Our Quality Management System complies with the SR EN ISO 9001:2015 standard.<\/p><p>-We follow strict food safety standards FSSC and IFS, as detailed in our Quality Manual, which covers all our activities.<\/p>\t\t\t\t\t\t<\/div>\n\t\t\t\t<\/div>\n\t\t\t\t\t<\/div>\n\t\t\t\t<\/div>\n\t\t<div class=\"elementor-element elementor-element-20fd588 e-grid e-con-full e-con e-parent\" data-id=\"20fd588\" data-element_type=\"container\">\n\t\t\t\t<div class=\"elementor-element elementor-element-9f12ec3 elementor-widget elementor-widget-image\" data-id=\"9f12ec3\" data-element_type=\"widget\" data-widget_type=\"image.default\">\n\t\t\t\t<div class=\"elementor-widget-container\">\n\t\t\t<style>\/*! elementor - v3.23.0 - 15-07-2024 *\/\n.elementor-widget-image{text-align:center}.elementor-widget-image a{display:inline-block}.elementor-widget-image a img[src$=\".svg\"]{width:48px}.elementor-widget-image img{vertical-align:middle;display:inline-block}<\/style>\t\t\t\t\t\t\t\t\t\t<img fetchpriority=\"high\" decoding=\"async\" width=\"460\" height=\"592\" src=\"https:\/\/moradfoods.com\/wp-content\/uploads\/2024\/07\/Rectangle-41-1.png\" class=\"attachment-large size-large wp-image-10579\" alt=\"\" \/>\t\t\t\t\t\t\t\t\t\t\t\t\t<\/div>\n\t\t\t\t<\/div>\n\t\t\t\t<div class=\"elementor-element elementor-element-be8854e elementor-widget elementor-widget-image\" data-id=\"be8854e\" data-element_type=\"widget\" data-widget_type=\"image.default\">\n\t\t\t\t<div class=\"elementor-widget-container\">\n\t\t\t\t\t\t\t\t\t\t\t\t\t<img decoding=\"async\" width=\"460\" height=\"592\" src=\"https:\/\/moradfoods.com\/wp-content\/uploads\/2024\/07\/Rectangle-42-1.png\" class=\"attachment-large size-large wp-image-10580\" alt=\"\" \/>\t\t\t\t\t\t\t\t\t\t\t\t\t<\/div>\n\t\t\t\t<\/div>\n\t\t\t\t<div class=\"elementor-element elementor-element-43a59b3 elementor-widget elementor-widget-image\" data-id=\"43a59b3\" data-element_type=\"widget\" data-widget_type=\"image.default\">\n\t\t\t\t<div class=\"elementor-widget-container\">\n\t\t\t\t\t\t\t\t\t\t\t\t\t<img decoding=\"async\" width=\"460\" height=\"592\" src=\"https:\/\/moradfoods.com\/wp-content\/uploads\/2024\/07\/Rectangle-43-1.png\" class=\"attachment-large size-large wp-image-10581\" alt=\"\" \/>\t\t\t\t\t\t\t\t\t\t\t\t\t<\/div>\n\t\t\t\t<\/div>\n\t\t\t\t<\/div>\n\t\t\t\t<\/div>","protected":false},"excerpt":{"rendered":"<p>Focusul nostru este pe crearea de produse de calitate. \u00cen acest sens, de-a lungul timpului am ob\u021binut certific\u0103ri importante. -Sistemul nostru de Management al Calit\u0103\u021bii respect\u0103 standardul SR EN ISO 9001:2015. -Respect\u0103m standarde stricte de siguran\u021b\u0103 alimentar\u0103 FSSC \u0219i IFS, a\u0219a cum este detaliat \u00een Manualul nostru de Calitate, care acoper\u0103 toate activit\u0103\u021bile noastre.<\/p>","protected":false},"author":1,"featured_media":0,"parent":0,"menu_order":0,"comment_status":"closed","ping_status":"closed","template":"","meta":{"_acf_changed":false,"footnotes":""},"class_list":["post-10571","page","type-page","status-publish","hentry"],"acf":[],"yoast_head":"<!-- This site is optimized with the Yoast SEO plugin v23.3 - https:\/\/yoast.com\/wordpress\/plugins\/seo\/ -->\n<title>Exploreaz\u0103 tot portofoliul de produse Morad Foods<\/title>\n<meta name=\"description\" content=\"Bun\u0103t\u0103\u021bi de gust\u0103ri gata preg\u0103tite, sosuri, aperitive vegetale \u0219i sucuri proaspete.\" \/>\n<meta name=\"robots\" content=\"index, follow, max-snippet:-1, max-image-preview:large, max-video-preview:-1\" \/>\n<link rel=\"canonical\" href=\"https:\/\/moradfoods.com\/en\/certificate\/\" \/>\n<meta property=\"og:locale\" content=\"en_GB\" \/>\n<meta property=\"og:type\" content=\"article\" \/>\n<meta property=\"og:title\" content=\"Exploreaz\u0103 tot portofoliul de produse Morad Foods\" \/>\n<meta property=\"og:description\" content=\"Bun\u0103t\u0103\u021bi de gust\u0103ri gata preg\u0103tite, sosuri, aperitive vegetale \u0219i sucuri proaspete.\" \/>\n<meta property=\"og:url\" content=\"https:\/\/moradfoods.com\/en\/certificate\/\" \/>\n<meta property=\"og:site_name\" content=\"Morad Foods\" \/>\n<meta property=\"article:modified_time\" content=\"2024-07-31T12:48:38+00:00\" \/>\n<meta property=\"og:image\" content=\"https:\/\/dev.moradfoods.com\/wp-content\/uploads\/2024\/07\/Rectangle-41-1.png\" \/>\n<meta name=\"twitter:card\" content=\"summary_large_image\" \/>\n<script type=\"application\/ld+json\" class=\"yoast-schema-graph\">{\"@context\":\"https:\/\/schema.org\",\"@graph\":[{\"@type\":\"WebPage\",\"@id\":\"https:\/\/moradfoods.com\/certificate\/\",\"url\":\"https:\/\/moradfoods.com\/certificate\/\",\"name\":\"Exploreaz\u0103 tot portofoliul de produse Morad Foods\",\"isPartOf\":{\"@id\":\"https:\/\/moradfoods.com\/#website\"},\"primaryImageOfPage\":{\"@id\":\"https:\/\/moradfoods.com\/certificate\/#primaryimage\"},\"image\":{\"@id\":\"https:\/\/moradfoods.com\/certificate\/#primaryimage\"},\"thumbnailUrl\":\"https:\/\/dev.moradfoods.com\/wp-content\/uploads\/2024\/07\/Rectangle-41-1.png\",\"datePublished\":\"2024-07-23T08:30:00+00:00\",\"dateModified\":\"2024-07-31T12:48:38+00:00\",\"description\":\"Bun\u0103t\u0103\u021bi de gust\u0103ri gata preg\u0103tite, sosuri, aperitive vegetale \u0219i sucuri proaspete.\",\"breadcrumb\":{\"@id\":\"https:\/\/moradfoods.com\/certificate\/#breadcrumb\"},\"inLanguage\":\"en-GB\",\"potentialAction\":[{\"@type\":\"ReadAction\",\"target\":[\"https:\/\/moradfoods.com\/certificate\/\"]}]},{\"@type\":\"ImageObject\",\"inLanguage\":\"en-GB\",\"@id\":\"https:\/\/moradfoods.com\/certificate\/#primaryimage\",\"url\":\"https:\/\/dev.moradfoods.com\/wp-content\/uploads\/2024\/07\/Rectangle-41-1.png\",\"contentUrl\":\"https:\/\/dev.moradfoods.com\/wp-content\/uploads\/2024\/07\/Rectangle-41-1.png\"},{\"@type\":\"BreadcrumbList\",\"@id\":\"https:\/\/moradfoods.com\/certificate\/#breadcrumb\",\"itemListElement\":[{\"@type\":\"ListItem\",\"position\":1,\"name\":\"Home\",\"item\":\"https:\/\/moradfoods.com\/\"},{\"@type\":\"ListItem\",\"position\":2,\"name\":\"Certificate\"}]},{\"@type\":\"WebSite\",\"@id\":\"https:\/\/moradfoods.com\/#website\",\"url\":\"https:\/\/moradfoods.com\/\",\"name\":\"Morad Foods\",\"description\":\"Morad Foods\",\"publisher\":{\"@id\":\"https:\/\/moradfoods.com\/#organization\"},\"potentialAction\":[{\"@type\":\"SearchAction\",\"target\":{\"@type\":\"EntryPoint\",\"urlTemplate\":\"https:\/\/moradfoods.com\/?s={search_term_string}\"},\"query-input\":\"required name=search_term_string\"}],\"inLanguage\":\"en-GB\"},{\"@type\":\"Organization\",\"@id\":\"https:\/\/moradfoods.com\/#organization\",\"name\":\"Morad Foods\",\"url\":\"https:\/\/moradfoods.com\/\",\"logo\":{\"@type\":\"ImageObject\",\"inLanguage\":\"en-GB\",\"@id\":\"https:\/\/moradfoods.com\/#\/schema\/logo\/image\/\",\"url\":\"https:\/\/moradfoods.com\/wp-content\/uploads\/2024\/07\/Layer_1.svg\",\"contentUrl\":\"https:\/\/moradfoods.com\/wp-content\/uploads\/2024\/07\/Layer_1.svg\",\"width\":76,\"height\":79,\"caption\":\"Morad Foods\"},\"image\":{\"@id\":\"https:\/\/moradfoods.com\/#\/schema\/logo\/image\/\"}}]}<\/script>\n<!-- \/ Yoast SEO plugin. -->","yoast_head_json":{"title":"Exploreaz\u0103 tot portofoliul de produse Morad Foods","description":"Bun\u0103t\u0103\u021bi de gust\u0103ri gata preg\u0103tite, sosuri, aperitive vegetale \u0219i sucuri proaspete.","robots":{"index":"index","follow":"follow","max-snippet":"max-snippet:-1","max-image-preview":"max-image-preview:large","max-video-preview":"max-video-preview:-1"},"canonical":"https:\/\/moradfoods.com\/en\/certificate\/","og_locale":"en_GB","og_type":"article","og_title":"Exploreaz\u0103 tot portofoliul de produse Morad Foods","og_description":"Bun\u0103t\u0103\u021bi de gust\u0103ri gata preg\u0103tite, sosuri, aperitive vegetale \u0219i sucuri proaspete.","og_url":"https:\/\/moradfoods.com\/en\/certificate\/","og_site_name":"Morad Foods","article_modified_time":"2024-07-31T12:48:38+00:00","og_image":[{"url":"https:\/\/dev.moradfoods.com\/wp-content\/uploads\/2024\/07\/Rectangle-41-1.png"}],"twitter_card":"summary_large_image","schema":{"@context":"https:\/\/schema.org","@graph":[{"@type":"WebPage","@id":"https:\/\/moradfoods.com\/certificate\/","url":"https:\/\/moradfoods.com\/certificate\/","name":"Exploreaz\u0103 tot portofoliul de produse Morad Foods","isPartOf":{"@id":"https:\/\/moradfoods.com\/#website"},"primaryImageOfPage":{"@id":"https:\/\/moradfoods.com\/certificate\/#primaryimage"},"image":{"@id":"https:\/\/moradfoods.com\/certificate\/#primaryimage"},"thumbnailUrl":"https:\/\/dev.moradfoods.com\/wp-content\/uploads\/2024\/07\/Rectangle-41-1.png","datePublished":"2024-07-23T08:30:00+00:00","dateModified":"2024-07-31T12:48:38+00:00","description":"Bun\u0103t\u0103\u021bi de gust\u0103ri gata preg\u0103tite, sosuri, aperitive vegetale \u0219i sucuri proaspete.","breadcrumb":{"@id":"https:\/\/moradfoods.com\/certificate\/#breadcrumb"},"inLanguage":"en-GB","potentialAction":[{"@type":"ReadAction","target":["https:\/\/moradfoods.com\/certificate\/"]}]},{"@type":"ImageObject","inLanguage":"en-GB","@id":"https:\/\/moradfoods.com\/certificate\/#primaryimage","url":"https:\/\/dev.moradfoods.com\/wp-content\/uploads\/2024\/07\/Rectangle-41-1.png","contentUrl":"https:\/\/dev.moradfoods.com\/wp-content\/uploads\/2024\/07\/Rectangle-41-1.png"},{"@type":"BreadcrumbList","@id":"https:\/\/moradfoods.com\/certificate\/#breadcrumb","itemListElement":[{"@type":"ListItem","position":1,"name":"Home","item":"https:\/\/moradfoods.com\/"},{"@type":"ListItem","position":2,"name":"Certificate"}]},{"@type":"WebSite","@id":"https:\/\/moradfoods.com\/#website","url":"https:\/\/moradfoods.com\/","name":"Morad Foods","description":"Morad Foods","publisher":{"@id":"https:\/\/moradfoods.com\/#organization"},"potentialAction":[{"@type":"SearchAction","target":{"@type":"EntryPoint","urlTemplate":"https:\/\/moradfoods.com\/?s={search_term_string}"},"query-input":"required name=search_term_string"}],"inLanguage":"en-GB"},{"@type":"Organization","@id":"https:\/\/moradfoods.com\/#organization","name":"Morad Foods","url":"https:\/\/moradfoods.com\/","logo":{"@type":"ImageObject","inLanguage":"en-GB","@id":"https:\/\/moradfoods.com\/#\/schema\/logo\/image\/","url":"https:\/\/moradfoods.com\/wp-content\/uploads\/2024\/07\/Layer_1.svg","contentUrl":"https:\/\/moradfoods.com\/wp-content\/uploads\/2024\/07\/Layer_1.svg","width":76,"height":79,"caption":"Morad Foods"},"image":{"@id":"https:\/\/moradfoods.com\/#\/schema\/logo\/image\/"}}]}},"rttpg_featured_image_url":null,"rttpg_author":{"display_name":"morad_admin","author_link":"https:\/\/moradfoods.com\/en\/author\/morad_admin\/"},"rttpg_comment":0,"rttpg_category":null,"rttpg_excerpt":"Focusul nostru este pe crearea de produse de calitate. \u00cen acest sens, de-a lungul timpului am ob\u021binut certific\u0103ri importante. -Sistemul nostru de Management al Calit\u0103\u021bii respect\u0103 standardul SR EN ISO 9001:2015. -Respect\u0103m standarde stricte de siguran\u021b\u0103 alimentar\u0103 FSSC \u0219i IFS, a\u0219a cum este detaliat \u00een Manualul nostru de Calitate, care acoper\u0103 toate activit\u0103\u021bile noastre.","_links":{"self":[{"href":"https:\/\/moradfoods.com\/en\/wp-json\/wp\/v2\/pages\/10571"}],"collection":[{"href":"https:\/\/moradfoods.com\/en\/wp-json\/wp\/v2\/pages"}],"about":[{"href":"https:\/\/moradfoods.com\/en\/wp-json\/wp\/v2\/types\/page"}],"author":[{"embeddable":true,"href":"https:\/\/moradfoods.com\/en\/wp-json\/wp\/v2\/users\/1"}],"replies":[{"embeddable":true,"href":"https:\/\/moradfoods.com\/en\/wp-json\/wp\/v2\/comments?post=10571"}],"version-history":[{"count":32,"href":"https:\/\/moradfoods.com\/en\/wp-json\/wp\/v2\/pages\/10571\/revisions"}],"predecessor-version":[{"id":12553,"href":"https:\/\/moradfoods.com\/en\/wp-json\/wp\/v2\/pages\/10571\/revisions\/12553"}],"wp:attachment":[{"href":"https:\/\/moradfoods.com\/en\/wp-json\/wp\/v2\/media?parent=10571"}],"curies":[{"name":"wp","href":"https:\/\/api.w.org\/{rel}","templated":true}]}}