{"id":10600,"date":"2024-07-23T08:37:06","date_gmt":"2024-07-23T08:37:06","guid":{"rendered":"https:\/\/dev.moradfoods.com\/?page_id=10600"},"modified":"2024-07-26T11:45:23","modified_gmt":"2024-07-26T11:45:23","slug":"cariere","status":"publish","type":"page","link":"https:\/\/moradfoods.com\/en\/cariere\/","title":{"rendered":"Careers"},"content":{"rendered":"<div data-elementor-type=\"wp-page\" data-elementor-id=\"10600\" class=\"elementor elementor-10600\">\n\t\t\t\t<div class=\"elementor-element elementor-element-80f60b4 e-flex e-con-boxed e-con e-parent\" data-id=\"80f60b4\" data-element_type=\"container\">\n\t\t\t\t\t<div class=\"e-con-inner\">\n\t\t\t\t<div class=\"elementor-element elementor-element-15c42bd elementor-widget elementor-widget-shortcode\" data-id=\"15c42bd\" data-element_type=\"widget\" data-widget_type=\"shortcode.default\">\n\t\t\t\t<div class=\"elementor-widget-container\">\n\t\t\t\t\t<div class=\"elementor-shortcode\">\t\t<div data-elementor-type=\"wp-post\" data-elementor-id=\"10546\" class=\"elementor elementor-10546\">\n\t\t\t\t\t\t<section class=\"elementor-section elementor-top-section elementor-element elementor-element-933a448 elementor-section-stretched delivery elementor-section-boxed elementor-section-height-default elementor-section-height-default\" data-id=\"933a448\" data-element_type=\"section\" data-settings=\"{&quot;stretch_section&quot;:&quot;section-stretched&quot;,&quot;background_background&quot;:&quot;classic&quot;}\">\n\t\t\t\t\t\t<div class=\"elementor-container elementor-column-gap-no\">\n\t\t\t\t\t<div class=\"elementor-column elementor-col-100 elementor-top-column elementor-element elementor-element-6746fed elementor-invisible\" data-id=\"6746fed\" data-element_type=\"column\" data-settings=\"{&quot;animation&quot;:&quot;fadeInUp&quot;}\">\n\t\t\t<div class=\"elementor-widget-wrap elementor-element-populated\">\n\t\t\t\t\t\t<div class=\"elementor-element elementor-element-a27cbaa elementor-widget__width-initial elementor-widget elementor-widget-heading\" data-id=\"a27cbaa\" data-element_type=\"widget\" data-widget_type=\"heading.default\">\n\t\t\t\t<div class=\"elementor-widget-container\">\n\t\t\t<style>\/*! elementor - v3.23.0 - 15-07-2024 *\/\n.elementor-heading-title{padding:0;margin:0;line-height:1}.elementor-widget-heading .elementor-heading-title[class*=elementor-size-]>a{color:inherit;font-size:inherit;line-height:inherit}.elementor-widget-heading .elementor-heading-title.elementor-size-small{font-size:15px}.elementor-widget-heading .elementor-heading-title.elementor-size-medium{font-size:19px}.elementor-widget-heading .elementor-heading-title.elementor-size-large{font-size:29px}.elementor-widget-heading .elementor-heading-title.elementor-size-xl{font-size:39px}.elementor-widget-heading .elementor-heading-title.elementor-size-xxl{font-size:59px}<\/style><h1 class=\"elementor-heading-title elementor-size-default\">We are the creators of taste\nDo you want to work with us?\n<\/h1>\t\t<\/div>\n\t\t\t\t<\/div>\n\t\t\t\t\t<\/div>\n\t\t<\/div>\n\t\t\t\t\t<\/div>\n\t\t<\/section>\n\t\t\t\t<\/div>\n\t\t<\/div>\n\t\t\t\t<\/div>\n\t\t\t\t<\/div>\n\t\t\t\t\t<\/div>\n\t\t\t\t<\/div>\n\t\t<div class=\"elementor-element elementor-element-2d4e5e7 e-flex e-con-boxed e-con e-parent\" data-id=\"2d4e5e7\" data-element_type=\"container\">\n\t\t\t\t\t<div class=\"e-con-inner\">\n\t\t\t\t<div class=\"elementor-element elementor-element-530a152 elementor-widget elementor-widget-text-editor\" data-id=\"530a152\" data-element_type=\"widget\" data-widget_type=\"text-editor.default\">\n\t\t\t\t<div class=\"elementor-widget-container\">\n\t\t\t<style>\/*! elementor - v3.23.0 - 15-07-2024 *\/\n.elementor-widget-text-editor.elementor-drop-cap-view-stacked .elementor-drop-cap{background-color:#69727d;color:#fff}.elementor-widget-text-editor.elementor-drop-cap-view-framed .elementor-drop-cap{color:#69727d;border:3px solid;background-color:transparent}.elementor-widget-text-editor:not(.elementor-drop-cap-view-default) .elementor-drop-cap{margin-top:8px}.elementor-widget-text-editor:not(.elementor-drop-cap-view-default) .elementor-drop-cap-letter{width:1em;height:1em}.elementor-widget-text-editor .elementor-drop-cap{float:left;text-align:center;line-height:1;font-size:50px}.elementor-widget-text-editor .elementor-drop-cap-letter{display:inline-block}<\/style>\t\t\t\t<p>We open the door to a career that is full of taste and opportunities! If you want to join our team, we invite you to explore the job opportunities.<\/p><p>Join us and contribute to creating delicious products that bring joy to people's lives!<\/p><p>You will discover a dynamic environment and a successful culture where development, performance, and success orientation are priorities. Additionally, we offer an inclusive culture that encourages, supports, and celebrates the diversity of our employees' voices.<\/p><p>Discover the available positions at our two factories, Glina and Topoloveni. You can apply directly using the form or by emailing office@moradfoods.com.<\/p>\t\t\t\t\t\t<\/div>\n\t\t\t\t<\/div>\n\t\t\t\t\t<\/div>\n\t\t\t\t<\/div>\n\t\t<div class=\"elementor-element elementor-element-8031c11 e-flex e-con-boxed e-con e-parent\" data-id=\"8031c11\" data-element_type=\"container\">\n\t\t\t\t\t<div class=\"e-con-inner\">\n\t\t\t\t<div class=\"elementor-element elementor-element-940d34c elementor-widget elementor-widget-shortcode\" data-id=\"940d34c\" data-element_type=\"widget\" data-widget_type=\"shortcode.default\">\n\t\t\t\t<div class=\"elementor-widget-container\">\n\t\t\t\t\t<div class=\"elementor-shortcode\">\n<div class=\"wpcf7 no-js\" id=\"wpcf7-f10676-o1\" lang=\"en-US\" dir=\"ltr\">\n<div class=\"screen-reader-response\"><p role=\"status\" aria-live=\"polite\" aria-atomic=\"true\"><\/p> <ul><\/ul><\/div>\n<form action=\"\/en\/wp-json\/wp\/v2\/pages\/10600#wpcf7-f10676-o1\" method=\"post\" class=\"wpcf7-form init\" aria-label=\"Contact form\" enctype=\"multipart\/form-data\" novalidate=\"novalidate\" data-status=\"init\" data-trp-original-action=\"\/en\/wp-json\/wp\/v2\/pages\/10600#wpcf7-f10676-o1\">\n<div style=\"display: none;\">\n<input type=\"hidden\" name=\"_wpcf7\" value=\"10676\" \/>\n<input type=\"hidden\" name=\"_wpcf7_version\" value=\"5.9.7\" \/>\n<input type=\"hidden\" name=\"_wpcf7_locale\" value=\"en_US\" \/>\n<input type=\"hidden\" name=\"_wpcf7_unit_tag\" value=\"wpcf7-f10676-o1\" \/>\n<input type=\"hidden\" name=\"_wpcf7_container_post\" value=\"0\" \/>\n<input type=\"hidden\" name=\"_wpcf7_posted_data_hash\" value=\"\" \/>\n<\/div>\n<div class=\"contact-ctn\">\n\t<h5> Send us your CV\n\t<\/h5>\n\t<p><span class=\"wpcf7-form-control-wrap\" data-name=\"your-name\"><input size=\"40\" maxlength=\"400\" class=\"wpcf7-form-control wpcf7-text wpcf7-validates-as-required\" autocomplete=\"name\" aria-required=\"true\" aria-invalid=\"false\" placeholder=\"Name\" value=\"\" type=\"text\" name=\"your-name\" \/><\/span>\n\t<\/p>\n\t<p><span class=\"wpcf7-form-control-wrap\" data-name=\"your-email\"><input size=\"40\" maxlength=\"400\" class=\"wpcf7-form-control wpcf7-email wpcf7-validates-as-required wpcf7-text wpcf7-validates-as-email\" aria-required=\"true\" aria-invalid=\"false\" placeholder=\"Email\" value=\"\" type=\"email\" name=\"your-email\" \/><\/span>\n\t<\/p>\n\t<p><span class=\"wpcf7-form-control-wrap\" data-name=\"tel-734\"><input size=\"40\" maxlength=\"400\" class=\"wpcf7-form-control wpcf7-tel wpcf7-validates-as-required wpcf7-text wpcf7-validates-as-tel\" aria-required=\"true\" aria-invalid=\"false\" placeholder=\"Phone number\" value=\"\" type=\"tel\" name=\"tel-734\" \/><\/span>\n\t<\/p>\n\t<p>Location\n\t<\/p>\n\t<p><span class=\"wpcf7-form-control-wrap\" data-name=\"checkbox-56\"><span class=\"wpcf7-form-control wpcf7-checkbox wpcf7-validates-as-required wpcf7-exclusive-checkbox\"><span class=\"wpcf7-list-item first\"><input type=\"checkbox\" name=\"checkbox-56\" value=\"Topoloveni (AG)\" \/><span class=\"wpcf7-list-item-label\">Topoloveni (AG)<\/span><\/span><span class=\"wpcf7-list-item last\"><input type=\"checkbox\" name=\"checkbox-56\" value=\"Glina (IF\/Bucuresti)\" \/><span class=\"wpcf7-list-item-label\">Glina (IF\/Bucuresti)<\/span><\/span><\/span><\/span>\n\t<\/p>\n\t<p>Upload CV\n\t<\/p>\n\t<div class=\"upbtn\">\n\t\t<p><span class=\"wpcf7-form-control-wrap\" data-name=\"file-411\"><input size=\"40\" class=\"wpcf7-form-control wpcf7-file wpcf7-validates-as-required\" accept=\".doc,.docx,.pdf\" aria-required=\"true\" aria-invalid=\"false\" type=\"file\" name=\"file-411\" \/><\/span>\n\t\t<\/p>\n\t<\/div>\n\t<p><span class=\"wpcf7-form-control-wrap\" data-name=\"checkbox-252\"><span class=\"wpcf7-form-control wpcf7-checkbox wpcf7-validates-as-required\"><span class=\"wpcf7-list-item first last\"><label><input type=\"checkbox\" name=\"checkbox-252[]\" value=\"Sunt de acord cu stocarea \u0219i prelucrarea datelor mele personale.*\" \/><span class=\"wpcf7-list-item-label\">I agree to the storage and processing of my personal data.<\/span><\/label><\/span><\/span><\/span>\n\t<\/p>\n\t<p class=\"sbtn\"><input class=\"wpcf7-form-control wpcf7-submit has-spinner\" type=\"submit\" value=\"Subscribe\" \/>\n\t<\/p>\n<\/div><div class=\"wpcf7-response-output\" aria-hidden=\"true\"><\/div>\n<input type=\"hidden\" name=\"trp-form-language\" value=\"en\"\/><\/form>\n<\/div>\n<\/div>\n\t\t\t\t<\/div>\n\t\t\t\t<\/div>\n\t\t\t\t\t<\/div>\n\t\t\t\t<\/div>\n\t\t\t\t<\/div>","protected":false},"excerpt":{"rendered":"<p>\u00ce\u021bi deschidem calea c\u0103tre o carier\u0103 plin\u0103 de gust \u0219i oportunit\u0103\u021bi! Dac\u0103 vrei s\u0103 faci parte din echipa noastr\u0103, te invit\u0103m s\u0103 explorezi oportunit\u0103\u021bile de angajare disponibile. Al\u0103tur\u0103-te nou\u0103 \u0219i contribuie la crearea unor produse delicioase care aduc bucurie \u00een vie\u021bile oamenilor! Vei descoperi un mediu dinamic \u0219i o cultur\u0103 de succes \u00een care dezvoltarea, [&hellip;]<\/p>","protected":false},"author":1,"featured_media":0,"parent":0,"menu_order":0,"comment_status":"closed","ping_status":"closed","template":"","meta":{"_acf_changed":false,"footnotes":""},"class_list":["post-10600","page","type-page","status-publish","hentry"],"acf":[],"yoast_head":"<!-- This site is optimized with the Yoast SEO plugin v23.3 - https:\/\/yoast.com\/wordpress\/plugins\/seo\/ -->\n<title>Exploreaz\u0103 tot portofoliul de produse Morad Foods<\/title>\n<meta name=\"description\" content=\"Bun\u0103t\u0103\u021bi de gust\u0103ri gata preg\u0103tite, sosuri, aperitive vegetale \u0219i sucuri proaspete.\" \/>\n<meta name=\"robots\" content=\"index, follow, max-snippet:-1, max-image-preview:large, max-video-preview:-1\" \/>\n<link rel=\"canonical\" href=\"https:\/\/moradfoods.com\/en\/cariere\/\" \/>\n<meta property=\"og:locale\" content=\"en_GB\" \/>\n<meta property=\"og:type\" content=\"article\" \/>\n<meta property=\"og:title\" content=\"Exploreaz\u0103 tot portofoliul de produse Morad Foods\" \/>\n<meta property=\"og:description\" content=\"Bun\u0103t\u0103\u021bi de gust\u0103ri gata preg\u0103tite, sosuri, aperitive vegetale \u0219i sucuri proaspete.\" \/>\n<meta property=\"og:url\" content=\"https:\/\/moradfoods.com\/en\/cariere\/\" \/>\n<meta property=\"og:site_name\" content=\"Morad Foods\" \/>\n<meta property=\"article:modified_time\" content=\"2024-07-26T11:45:23+00:00\" \/>\n<meta name=\"twitter:card\" content=\"summary_large_image\" \/>\n<meta name=\"twitter:label1\" content=\"Estimated reading time\" \/>\n\t<meta name=\"twitter:data1\" content=\"1 minute\" \/>\n<script type=\"application\/ld+json\" class=\"yoast-schema-graph\">{\"@context\":\"https:\/\/schema.org\",\"@graph\":[{\"@type\":\"WebPage\",\"@id\":\"https:\/\/moradfoods.com\/cariere\/\",\"url\":\"https:\/\/moradfoods.com\/cariere\/\",\"name\":\"Exploreaz\u0103 tot portofoliul de produse Morad Foods\",\"isPartOf\":{\"@id\":\"https:\/\/moradfoods.com\/#website\"},\"datePublished\":\"2024-07-23T08:37:06+00:00\",\"dateModified\":\"2024-07-26T11:45:23+00:00\",\"description\":\"Bun\u0103t\u0103\u021bi de gust\u0103ri gata preg\u0103tite, sosuri, aperitive vegetale \u0219i sucuri proaspete.\",\"breadcrumb\":{\"@id\":\"https:\/\/moradfoods.com\/cariere\/#breadcrumb\"},\"inLanguage\":\"en-GB\",\"potentialAction\":[{\"@type\":\"ReadAction\",\"target\":[\"https:\/\/moradfoods.com\/cariere\/\"]}]},{\"@type\":\"BreadcrumbList\",\"@id\":\"https:\/\/moradfoods.com\/cariere\/#breadcrumb\",\"itemListElement\":[{\"@type\":\"ListItem\",\"position\":1,\"name\":\"Home\",\"item\":\"https:\/\/moradfoods.com\/\"},{\"@type\":\"ListItem\",\"position\":2,\"name\":\"Cariere\"}]},{\"@type\":\"WebSite\",\"@id\":\"https:\/\/moradfoods.com\/#website\",\"url\":\"https:\/\/moradfoods.com\/\",\"name\":\"Morad Foods\",\"description\":\"Morad Foods\",\"publisher\":{\"@id\":\"https:\/\/moradfoods.com\/#organization\"},\"potentialAction\":[{\"@type\":\"SearchAction\",\"target\":{\"@type\":\"EntryPoint\",\"urlTemplate\":\"https:\/\/moradfoods.com\/?s={search_term_string}\"},\"query-input\":\"required name=search_term_string\"}],\"inLanguage\":\"en-GB\"},{\"@type\":\"Organization\",\"@id\":\"https:\/\/moradfoods.com\/#organization\",\"name\":\"Morad Foods\",\"url\":\"https:\/\/moradfoods.com\/\",\"logo\":{\"@type\":\"ImageObject\",\"inLanguage\":\"en-GB\",\"@id\":\"https:\/\/moradfoods.com\/#\/schema\/logo\/image\/\",\"url\":\"https:\/\/moradfoods.com\/wp-content\/uploads\/2024\/07\/Layer_1.svg\",\"contentUrl\":\"https:\/\/moradfoods.com\/wp-content\/uploads\/2024\/07\/Layer_1.svg\",\"width\":76,\"height\":79,\"caption\":\"Morad Foods\"},\"image\":{\"@id\":\"https:\/\/moradfoods.com\/#\/schema\/logo\/image\/\"}}]}<\/script>\n<!-- \/ Yoast SEO plugin. -->","yoast_head_json":{"title":"Exploreaz\u0103 tot portofoliul de produse Morad Foods","description":"Bun\u0103t\u0103\u021bi de gust\u0103ri gata preg\u0103tite, sosuri, aperitive vegetale \u0219i sucuri proaspete.","robots":{"index":"index","follow":"follow","max-snippet":"max-snippet:-1","max-image-preview":"max-image-preview:large","max-video-preview":"max-video-preview:-1"},"canonical":"https:\/\/moradfoods.com\/en\/cariere\/","og_locale":"en_GB","og_type":"article","og_title":"Exploreaz\u0103 tot portofoliul de produse Morad Foods","og_description":"Bun\u0103t\u0103\u021bi de gust\u0103ri gata preg\u0103tite, sosuri, aperitive vegetale \u0219i sucuri proaspete.","og_url":"https:\/\/moradfoods.com\/en\/cariere\/","og_site_name":"Morad Foods","article_modified_time":"2024-07-26T11:45:23+00:00","twitter_card":"summary_large_image","twitter_misc":{"Estimated reading time":"1 minute"},"schema":{"@context":"https:\/\/schema.org","@graph":[{"@type":"WebPage","@id":"https:\/\/moradfoods.com\/cariere\/","url":"https:\/\/moradfoods.com\/cariere\/","name":"Exploreaz\u0103 tot portofoliul de produse Morad Foods","isPartOf":{"@id":"https:\/\/moradfoods.com\/#website"},"datePublished":"2024-07-23T08:37:06+00:00","dateModified":"2024-07-26T11:45:23+00:00","description":"Bun\u0103t\u0103\u021bi de gust\u0103ri gata preg\u0103tite, sosuri, aperitive vegetale \u0219i sucuri proaspete.","breadcrumb":{"@id":"https:\/\/moradfoods.com\/cariere\/#breadcrumb"},"inLanguage":"en-GB","potentialAction":[{"@type":"ReadAction","target":["https:\/\/moradfoods.com\/cariere\/"]}]},{"@type":"BreadcrumbList","@id":"https:\/\/moradfoods.com\/cariere\/#breadcrumb","itemListElement":[{"@type":"ListItem","position":1,"name":"Home","item":"https:\/\/moradfoods.com\/"},{"@type":"ListItem","position":2,"name":"Cariere"}]},{"@type":"WebSite","@id":"https:\/\/moradfoods.com\/#website","url":"https:\/\/moradfoods.com\/","name":"Morad Foods","description":"Morad Foods","publisher":{"@id":"https:\/\/moradfoods.com\/#organization"},"potentialAction":[{"@type":"SearchAction","target":{"@type":"EntryPoint","urlTemplate":"https:\/\/moradfoods.com\/?s={search_term_string}"},"query-input":"required name=search_term_string"}],"inLanguage":"en-GB"},{"@type":"Organization","@id":"https:\/\/moradfoods.com\/#organization","name":"Morad Foods","url":"https:\/\/moradfoods.com\/","logo":{"@type":"ImageObject","inLanguage":"en-GB","@id":"https:\/\/moradfoods.com\/#\/schema\/logo\/image\/","url":"https:\/\/moradfoods.com\/wp-content\/uploads\/2024\/07\/Layer_1.svg","contentUrl":"https:\/\/moradfoods.com\/wp-content\/uploads\/2024\/07\/Layer_1.svg","width":76,"height":79,"caption":"Morad Foods"},"image":{"@id":"https:\/\/moradfoods.com\/#\/schema\/logo\/image\/"}}]}},"rttpg_featured_image_url":null,"rttpg_author":{"display_name":"morad_admin","author_link":"https:\/\/moradfoods.com\/en\/author\/morad_admin\/"},"rttpg_comment":0,"rttpg_category":null,"rttpg_excerpt":"\u00ce\u021bi deschidem calea c\u0103tre o carier\u0103 plin\u0103 de gust \u0219i oportunit\u0103\u021bi! Dac\u0103 vrei s\u0103 faci parte din echipa noastr\u0103, te invit\u0103m s\u0103 explorezi oportunit\u0103\u021bile de angajare disponibile. Al\u0103tur\u0103-te nou\u0103 \u0219i contribuie la crearea unor produse delicioase care aduc bucurie \u00een vie\u021bile oamenilor! Vei descoperi un mediu dinamic \u0219i o cultur\u0103 de succes \u00een care dezvoltarea,&hellip;","_links":{"self":[{"href":"https:\/\/moradfoods.com\/en\/wp-json\/wp\/v2\/pages\/10600"}],"collection":[{"href":"https:\/\/moradfoods.com\/en\/wp-json\/wp\/v2\/pages"}],"about":[{"href":"https:\/\/moradfoods.com\/en\/wp-json\/wp\/v2\/types\/page"}],"author":[{"embeddable":true,"href":"https:\/\/moradfoods.com\/en\/wp-json\/wp\/v2\/users\/1"}],"replies":[{"embeddable":true,"href":"https:\/\/moradfoods.com\/en\/wp-json\/wp\/v2\/comments?post=10600"}],"version-history":[{"count":26,"href":"https:\/\/moradfoods.com\/en\/wp-json\/wp\/v2\/pages\/10600\/revisions"}],"predecessor-version":[{"id":11722,"href":"https:\/\/moradfoods.com\/en\/wp-json\/wp\/v2\/pages\/10600\/revisions\/11722"}],"wp:attachment":[{"href":"https:\/\/moradfoods.com\/en\/wp-json\/wp\/v2\/media?parent=10600"}],"curies":[{"name":"wp","href":"https:\/\/api.w.org\/{rel}","templated":true}]}}