{"id":10764,"date":"2024-07-23T11:49:50","date_gmt":"2024-07-23T11:49:50","guid":{"rendered":"https:\/\/dev.moradfoods.com\/?page_id=10764"},"modified":"2024-07-26T08:04:28","modified_gmt":"2024-07-26T08:04:28","slug":"noutati","status":"publish","type":"page","link":"https:\/\/moradfoods.com\/en\/noutati\/","title":{"rendered":"News"},"content":{"rendered":"<div data-elementor-type=\"wp-page\" data-elementor-id=\"10764\" class=\"elementor elementor-10764\">\n\t\t\t\t<div class=\"elementor-element elementor-element-20cdfdb e-flex e-con-boxed e-con e-parent\" data-id=\"20cdfdb\" data-element_type=\"container\">\n\t\t\t\t\t<div class=\"e-con-inner\">\n\t\t\t\t<div class=\"elementor-element elementor-element-b55f437 elementor-widget elementor-widget-shortcode\" data-id=\"b55f437\" data-element_type=\"widget\" data-widget_type=\"shortcode.default\">\n\t\t\t\t<div class=\"elementor-widget-container\">\n\t\t\t\t\t<div class=\"elementor-shortcode\">\t\t<div data-elementor-type=\"wp-post\" data-elementor-id=\"10756\" class=\"elementor elementor-10756\">\n\t\t\t\t\t\t<section class=\"elementor-section elementor-top-section elementor-element elementor-element-591f60f elementor-section-stretched delivery elementor-section-boxed elementor-section-height-default elementor-section-height-default\" data-id=\"591f60f\" data-element_type=\"section\" data-settings=\"{&quot;stretch_section&quot;:&quot;section-stretched&quot;,&quot;background_background&quot;:&quot;classic&quot;}\">\n\t\t\t\t\t\t<div class=\"elementor-container elementor-column-gap-no\">\n\t\t\t\t\t<div class=\"elementor-column elementor-col-100 elementor-top-column elementor-element elementor-element-3a34624 elementor-invisible\" data-id=\"3a34624\" data-element_type=\"column\" data-settings=\"{&quot;animation&quot;:&quot;fadeInUp&quot;}\">\n\t\t\t<div class=\"elementor-widget-wrap elementor-element-populated\">\n\t\t\t\t\t\t<div class=\"elementor-element elementor-element-228b648 elementor-widget__width-initial elementor-widget elementor-widget-heading\" data-id=\"228b648\" data-element_type=\"widget\" data-widget_type=\"heading.default\">\n\t\t\t\t<div class=\"elementor-widget-container\">\n\t\t\t<style>\/*! elementor - v3.23.0 - 15-07-2024 *\/\n.elementor-heading-title{padding:0;margin:0;line-height:1}.elementor-widget-heading .elementor-heading-title[class*=elementor-size-]>a{color:inherit;font-size:inherit;line-height:inherit}.elementor-widget-heading .elementor-heading-title.elementor-size-small{font-size:15px}.elementor-widget-heading .elementor-heading-title.elementor-size-medium{font-size:19px}.elementor-widget-heading .elementor-heading-title.elementor-size-large{font-size:29px}.elementor-widget-heading .elementor-heading-title.elementor-size-xl{font-size:39px}.elementor-widget-heading .elementor-heading-title.elementor-size-xxl{font-size:59px}<\/style><h1 class=\"elementor-heading-title elementor-size-default\">News\n<\/h1>\t\t<\/div>\n\t\t\t\t<\/div>\n\t\t\t\t\t<\/div>\n\t\t<\/div>\n\t\t\t\t\t<\/div>\n\t\t<\/section>\n\t\t\t\t<\/div>\n\t\t<\/div>\n\t\t\t\t<\/div>\n\t\t\t\t<\/div>\n\t\t\t\t\t<\/div>\n\t\t\t\t<\/div>\n\t\t<div class=\"elementor-element elementor-element-6529068 e-flex e-con-boxed e-con e-parent\" data-id=\"6529068\" data-element_type=\"container\">\n\t\t\t\t\t<div class=\"e-con-inner\">\n\t\t\t\t<div class=\"elementor-element elementor-element-60f9e72 readmore-btn-only-text meta-visibility-show title_position_default title_hover_border_default title-default img_hover_animation_default meta_position_default tpg-is-author-icon-show author-image-visibility-icon grid-hover-overlay-type-always tpg-el-box-border-enable tpg-border-bottom-disable elementor-widget elementor-widget-tpg-grid-layout\" data-id=\"60f9e72\" data-element_type=\"widget\" data-widget_type=\"tpg-grid-layout.default\">\n\t\t\t\t<div class=\"elementor-widget-container\">\n\t\t\t\t\t<div class=\"rt-container-fluid rt-tpg-container tpg-el-main-wrapper clearfix grid-layout3-main\"\n\t\t\t id=\"rt-tpg-container-1404615052\"\n\t\t\t data-layout=\"grid-layout3\"\n\t\t\t data-grid-style=\"tpg-full-height\"\n\t\t\t data-sc-id=\"elementor\"\n\t\t\t data-el-settings=''\n\t\t\t data-el-query=''\n\t\t\t data-el-path=''\n\t\t>\n\n\t\t\t\t\t\t<div class='tpg-header-wrapper'>\n\t\t\t\t\t\t\t<\/div>\n\n\t\t\t<div data-title=\"Loading ...\" class=\"rt-row rt-content-loader grid-layout3 grid-behaviour tpg-full-height grid_layout_wrapper\">\n\t\t\t\t<div class='no_posts_found_text rt-col-xs-12'>No posts found.<\/div>\t\t\t<\/div>\n\t\t\t\n\t\t<\/div>\n\t\t\t\t<\/div>\n\t\t\t\t<\/div>\n\t\t\t\t\t<\/div>\n\t\t\t\t<\/div>\n\t\t<div class=\"elementor-element elementor-element-e533b85 e-flex e-con-boxed e-con e-parent\" data-id=\"e533b85\" data-element_type=\"container\">\n\t\t\t\t\t<div class=\"e-con-inner\">\n\t\t<div class=\"elementor-element elementor-element-35fe1cb e-con-full e-flex e-con e-child\" data-id=\"35fe1cb\" data-element_type=\"container\">\n\t\t\t\t<\/div>\n\t\t\t\t\t<\/div>\n\t\t\t\t<\/div>\n\t\t\t\t<\/div>","protected":false},"excerpt":{"rendered":"<p>Preparation The Best of Vegetables and Starches Bymorad_admin August 14, 2023 Duis commodo faucibus lectus, et accumsan quam egestas at. Praesent eros mi, condimentum sit amet felis quis, hendrerit ullamcorper turpis vehicula nibh mauris. gravida odio&#8230; Read More 12 Healthy Fruits and Vegetables Must-Haves to Stock Your Fridge Bymorad_admin November 16, 2022 Duis commodo faucibus [&hellip;]<\/p>","protected":false},"author":1,"featured_media":0,"parent":0,"menu_order":0,"comment_status":"closed","ping_status":"closed","template":"","meta":{"_acf_changed":false,"footnotes":""},"class_list":["post-10764","page","type-page","status-publish","hentry"],"acf":[],"yoast_head":"<!-- This site is optimized with the Yoast SEO plugin v23.3 - https:\/\/yoast.com\/wordpress\/plugins\/seo\/ -->\n<title>Exploreaz\u0103 tot portofoliul de produse Morad Foods<\/title>\n<meta name=\"description\" content=\"Bun\u0103t\u0103\u021bi de gust\u0103ri gata preg\u0103tite, sosuri, aperitive vegetale \u0219i sucuri proaspete.\" \/>\n<meta name=\"robots\" content=\"index, follow, max-snippet:-1, max-image-preview:large, max-video-preview:-1\" \/>\n<link rel=\"canonical\" href=\"https:\/\/moradfoods.com\/en\/noutati\/\" \/>\n<meta property=\"og:locale\" content=\"en_GB\" \/>\n<meta property=\"og:type\" content=\"article\" \/>\n<meta property=\"og:title\" content=\"Exploreaz\u0103 tot portofoliul de produse Morad Foods\" \/>\n<meta property=\"og:description\" content=\"Bun\u0103t\u0103\u021bi de gust\u0103ri gata preg\u0103tite, sosuri, aperitive vegetale \u0219i sucuri proaspete.\" \/>\n<meta property=\"og:url\" content=\"https:\/\/moradfoods.com\/en\/noutati\/\" \/>\n<meta property=\"og:site_name\" content=\"Morad Foods\" \/>\n<meta property=\"article:modified_time\" content=\"2024-07-26T08:04:28+00:00\" \/>\n<meta property=\"og:image\" content=\"https:\/\/dev.moradfoods.com\/wp-content\/uploads\/2023\/08\/25-768x497.jpg\" \/>\n<meta name=\"twitter:card\" content=\"summary_large_image\" \/>\n<meta name=\"twitter:label1\" content=\"Estimated reading time\" \/>\n\t<meta name=\"twitter:data1\" content=\"2 minutes\" \/>\n<script type=\"application\/ld+json\" class=\"yoast-schema-graph\">{\"@context\":\"https:\/\/schema.org\",\"@graph\":[{\"@type\":\"WebPage\",\"@id\":\"https:\/\/moradfoods.com\/noutati\/\",\"url\":\"https:\/\/moradfoods.com\/noutati\/\",\"name\":\"Exploreaz\u0103 tot portofoliul de produse Morad Foods\",\"isPartOf\":{\"@id\":\"https:\/\/moradfoods.com\/#website\"},\"primaryImageOfPage\":{\"@id\":\"https:\/\/moradfoods.com\/noutati\/#primaryimage\"},\"image\":{\"@id\":\"https:\/\/moradfoods.com\/noutati\/#primaryimage\"},\"thumbnailUrl\":\"https:\/\/dev.moradfoods.com\/wp-content\/uploads\/2023\/08\/25-768x497.jpg\",\"datePublished\":\"2024-07-23T11:49:50+00:00\",\"dateModified\":\"2024-07-26T08:04:28+00:00\",\"description\":\"Bun\u0103t\u0103\u021bi de gust\u0103ri gata preg\u0103tite, sosuri, aperitive vegetale \u0219i sucuri proaspete.\",\"breadcrumb\":{\"@id\":\"https:\/\/moradfoods.com\/noutati\/#breadcrumb\"},\"inLanguage\":\"en-GB\",\"potentialAction\":[{\"@type\":\"ReadAction\",\"target\":[\"https:\/\/moradfoods.com\/noutati\/\"]}]},{\"@type\":\"ImageObject\",\"inLanguage\":\"en-GB\",\"@id\":\"https:\/\/moradfoods.com\/noutati\/#primaryimage\",\"url\":\"https:\/\/dev.moradfoods.com\/wp-content\/uploads\/2023\/08\/25-768x497.jpg\",\"contentUrl\":\"https:\/\/dev.moradfoods.com\/wp-content\/uploads\/2023\/08\/25-768x497.jpg\"},{\"@type\":\"BreadcrumbList\",\"@id\":\"https:\/\/moradfoods.com\/noutati\/#breadcrumb\",\"itemListElement\":[{\"@type\":\"ListItem\",\"position\":1,\"name\":\"Home\",\"item\":\"https:\/\/moradfoods.com\/\"},{\"@type\":\"ListItem\",\"position\":2,\"name\":\"Nout\u0103\u021bi\"}]},{\"@type\":\"WebSite\",\"@id\":\"https:\/\/moradfoods.com\/#website\",\"url\":\"https:\/\/moradfoods.com\/\",\"name\":\"Morad Foods\",\"description\":\"Morad Foods\",\"publisher\":{\"@id\":\"https:\/\/moradfoods.com\/#organization\"},\"potentialAction\":[{\"@type\":\"SearchAction\",\"target\":{\"@type\":\"EntryPoint\",\"urlTemplate\":\"https:\/\/moradfoods.com\/?s={search_term_string}\"},\"query-input\":\"required name=search_term_string\"}],\"inLanguage\":\"en-GB\"},{\"@type\":\"Organization\",\"@id\":\"https:\/\/moradfoods.com\/#organization\",\"name\":\"Morad Foods\",\"url\":\"https:\/\/moradfoods.com\/\",\"logo\":{\"@type\":\"ImageObject\",\"inLanguage\":\"en-GB\",\"@id\":\"https:\/\/moradfoods.com\/#\/schema\/logo\/image\/\",\"url\":\"https:\/\/moradfoods.com\/wp-content\/uploads\/2024\/07\/Layer_1.svg\",\"contentUrl\":\"https:\/\/moradfoods.com\/wp-content\/uploads\/2024\/07\/Layer_1.svg\",\"width\":76,\"height\":79,\"caption\":\"Morad Foods\"},\"image\":{\"@id\":\"https:\/\/moradfoods.com\/#\/schema\/logo\/image\/\"}}]}<\/script>\n<!-- \/ Yoast SEO plugin. -->","yoast_head_json":{"title":"Exploreaz\u0103 tot portofoliul de produse Morad Foods","description":"Bun\u0103t\u0103\u021bi de gust\u0103ri gata preg\u0103tite, sosuri, aperitive vegetale \u0219i sucuri proaspete.","robots":{"index":"index","follow":"follow","max-snippet":"max-snippet:-1","max-image-preview":"max-image-preview:large","max-video-preview":"max-video-preview:-1"},"canonical":"https:\/\/moradfoods.com\/en\/noutati\/","og_locale":"en_GB","og_type":"article","og_title":"Exploreaz\u0103 tot portofoliul de produse Morad Foods","og_description":"Bun\u0103t\u0103\u021bi de gust\u0103ri gata preg\u0103tite, sosuri, aperitive vegetale \u0219i sucuri proaspete.","og_url":"https:\/\/moradfoods.com\/en\/noutati\/","og_site_name":"Morad Foods","article_modified_time":"2024-07-26T08:04:28+00:00","og_image":[{"url":"https:\/\/dev.moradfoods.com\/wp-content\/uploads\/2023\/08\/25-768x497.jpg"}],"twitter_card":"summary_large_image","twitter_misc":{"Estimated reading time":"2 minutes"},"schema":{"@context":"https:\/\/schema.org","@graph":[{"@type":"WebPage","@id":"https:\/\/moradfoods.com\/noutati\/","url":"https:\/\/moradfoods.com\/noutati\/","name":"Exploreaz\u0103 tot portofoliul de produse Morad Foods","isPartOf":{"@id":"https:\/\/moradfoods.com\/#website"},"primaryImageOfPage":{"@id":"https:\/\/moradfoods.com\/noutati\/#primaryimage"},"image":{"@id":"https:\/\/moradfoods.com\/noutati\/#primaryimage"},"thumbnailUrl":"https:\/\/dev.moradfoods.com\/wp-content\/uploads\/2023\/08\/25-768x497.jpg","datePublished":"2024-07-23T11:49:50+00:00","dateModified":"2024-07-26T08:04:28+00:00","description":"Bun\u0103t\u0103\u021bi de gust\u0103ri gata preg\u0103tite, sosuri, aperitive vegetale \u0219i sucuri proaspete.","breadcrumb":{"@id":"https:\/\/moradfoods.com\/noutati\/#breadcrumb"},"inLanguage":"en-GB","potentialAction":[{"@type":"ReadAction","target":["https:\/\/moradfoods.com\/noutati\/"]}]},{"@type":"ImageObject","inLanguage":"en-GB","@id":"https:\/\/moradfoods.com\/noutati\/#primaryimage","url":"https:\/\/dev.moradfoods.com\/wp-content\/uploads\/2023\/08\/25-768x497.jpg","contentUrl":"https:\/\/dev.moradfoods.com\/wp-content\/uploads\/2023\/08\/25-768x497.jpg"},{"@type":"BreadcrumbList","@id":"https:\/\/moradfoods.com\/noutati\/#breadcrumb","itemListElement":[{"@type":"ListItem","position":1,"name":"Home","item":"https:\/\/moradfoods.com\/"},{"@type":"ListItem","position":2,"name":"Nout\u0103\u021bi"}]},{"@type":"WebSite","@id":"https:\/\/moradfoods.com\/#website","url":"https:\/\/moradfoods.com\/","name":"Morad Foods","description":"Morad Foods","publisher":{"@id":"https:\/\/moradfoods.com\/#organization"},"potentialAction":[{"@type":"SearchAction","target":{"@type":"EntryPoint","urlTemplate":"https:\/\/moradfoods.com\/?s={search_term_string}"},"query-input":"required name=search_term_string"}],"inLanguage":"en-GB"},{"@type":"Organization","@id":"https:\/\/moradfoods.com\/#organization","name":"Morad Foods","url":"https:\/\/moradfoods.com\/","logo":{"@type":"ImageObject","inLanguage":"en-GB","@id":"https:\/\/moradfoods.com\/#\/schema\/logo\/image\/","url":"https:\/\/moradfoods.com\/wp-content\/uploads\/2024\/07\/Layer_1.svg","contentUrl":"https:\/\/moradfoods.com\/wp-content\/uploads\/2024\/07\/Layer_1.svg","width":76,"height":79,"caption":"Morad Foods"},"image":{"@id":"https:\/\/moradfoods.com\/#\/schema\/logo\/image\/"}}]}},"rttpg_featured_image_url":null,"rttpg_author":{"display_name":"morad_admin","author_link":"https:\/\/moradfoods.com\/en\/author\/morad_admin\/"},"rttpg_comment":0,"rttpg_category":null,"rttpg_excerpt":"Preparation The Best of Vegetables and Starches Bymorad_admin August 14, 2023 Duis commodo faucibus lectus, et accumsan quam egestas at. Praesent eros mi, condimentum sit amet felis quis, hendrerit ullamcorper turpis vehicula nibh mauris. gravida odio&#8230; Read More 12 Healthy Fruits and Vegetables Must-Haves to Stock Your Fridge Bymorad_admin November 16, 2022 Duis commodo faucibus&hellip;","_links":{"self":[{"href":"https:\/\/moradfoods.com\/en\/wp-json\/wp\/v2\/pages\/10764"}],"collection":[{"href":"https:\/\/moradfoods.com\/en\/wp-json\/wp\/v2\/pages"}],"about":[{"href":"https:\/\/moradfoods.com\/en\/wp-json\/wp\/v2\/types\/page"}],"author":[{"embeddable":true,"href":"https:\/\/moradfoods.com\/en\/wp-json\/wp\/v2\/users\/1"}],"replies":[{"embeddable":true,"href":"https:\/\/moradfoods.com\/en\/wp-json\/wp\/v2\/comments?post=10764"}],"version-history":[{"count":44,"href":"https:\/\/moradfoods.com\/en\/wp-json\/wp\/v2\/pages\/10764\/revisions"}],"predecessor-version":[{"id":11532,"href":"https:\/\/moradfoods.com\/en\/wp-json\/wp\/v2\/pages\/10764\/revisions\/11532"}],"wp:attachment":[{"href":"https:\/\/moradfoods.com\/en\/wp-json\/wp\/v2\/media?parent=10764"}],"curies":[{"name":"wp","href":"https:\/\/api.w.org\/{rel}","templated":true}]}}