{"id":11806,"date":"2024-07-29T08:46:54","date_gmt":"2024-07-29T08:46:54","guid":{"rendered":"https:\/\/dev.moradfoods.com\/?page_id=11806"},"modified":"2024-08-01T08:18:27","modified_gmt":"2024-08-01T08:18:27","slug":"meniu-de-a-gata","status":"publish","type":"page","link":"https:\/\/moradfoods.com\/en\/meniu-de-a-gata\/","title":{"rendered":"Meniu de-a gata"},"content":{"rendered":"<div data-elementor-type=\"wp-page\" data-elementor-id=\"11806\" class=\"elementor elementor-11806\">\n\t\t\t\t<div class=\"elementor-element elementor-element-0012359 e-con-full e-flex e-con e-parent\" data-id=\"0012359\" data-element_type=\"container\">\n\t\t\t\t<div class=\"elementor-element elementor-element-bc042c3 elementor-widget elementor-widget-shortcode\" data-id=\"bc042c3\" data-element_type=\"widget\" data-widget_type=\"shortcode.default\">\n\t\t\t\t<div class=\"elementor-widget-container\">\n\t\t\t\t\t<div class=\"elementor-shortcode\">\t\t<div data-elementor-type=\"wp-post\" data-elementor-id=\"11177\" class=\"elementor elementor-11177\">\n\t\t\t\t\t\t<section class=\"elementor-section elementor-top-section elementor-element elementor-element-139e051 elementor-section-stretched delivery elementor-section-boxed elementor-section-height-default elementor-section-height-default\" data-id=\"139e051\" data-element_type=\"section\" data-settings=\"{&quot;stretch_section&quot;:&quot;section-stretched&quot;,&quot;background_background&quot;:&quot;classic&quot;}\">\n\t\t\t\t\t\t<div class=\"elementor-container elementor-column-gap-no\">\n\t\t\t\t\t<div class=\"elementor-column elementor-col-100 elementor-top-column elementor-element elementor-element-8dd5b9c elementor-invisible\" data-id=\"8dd5b9c\" data-element_type=\"column\" data-settings=\"{&quot;animation&quot;:&quot;fadeInUp&quot;}\">\n\t\t\t<div class=\"elementor-widget-wrap elementor-element-populated\">\n\t\t\t\t\t\t<div class=\"elementor-element elementor-element-697ae5e elementor-widget elementor-widget-heading\" data-id=\"697ae5e\" data-element_type=\"widget\" data-widget_type=\"heading.default\">\n\t\t\t\t<div class=\"elementor-widget-container\">\n\t\t\t<style>\/*! elementor - v3.23.0 - 15-07-2024 *\/\n.elementor-heading-title{padding:0;margin:0;line-height:1}.elementor-widget-heading .elementor-heading-title[class*=elementor-size-]>a{color:inherit;font-size:inherit;line-height:inherit}.elementor-widget-heading .elementor-heading-title.elementor-size-small{font-size:15px}.elementor-widget-heading .elementor-heading-title.elementor-size-medium{font-size:19px}.elementor-widget-heading .elementor-heading-title.elementor-size-large{font-size:29px}.elementor-widget-heading .elementor-heading-title.elementor-size-xl{font-size:39px}.elementor-widget-heading .elementor-heading-title.elementor-size-xxl{font-size:59px}<\/style><h1 class=\"elementor-heading-title elementor-size-default\">Meniu De-a Gata<\/h1>\t\t<\/div>\n\t\t\t\t<\/div>\n\t\t\t\t<div class=\"elementor-element elementor-element-f453342 elementor-widget-widescreen__width-initial elementor-widget__width-initial elementor-widget elementor-widget-text-editor\" data-id=\"f453342\" data-element_type=\"widget\" data-widget_type=\"text-editor.default\">\n\t\t\t\t<div class=\"elementor-widget-container\">\n\t\t\t<style>\/*! elementor - v3.23.0 - 15-07-2024 *\/\n.elementor-widget-text-editor.elementor-drop-cap-view-stacked .elementor-drop-cap{background-color:#69727d;color:#fff}.elementor-widget-text-editor.elementor-drop-cap-view-framed .elementor-drop-cap{color:#69727d;border:3px solid;background-color:transparent}.elementor-widget-text-editor:not(.elementor-drop-cap-view-default) .elementor-drop-cap{margin-top:8px}.elementor-widget-text-editor:not(.elementor-drop-cap-view-default) .elementor-drop-cap-letter{width:1em;height:1em}.elementor-widget-text-editor .elementor-drop-cap{float:left;text-align:center;line-height:1;font-size:50px}.elementor-widget-text-editor .elementor-drop-cap-letter{display:inline-block}<\/style>\t\t\t\t<p><span class=\"ui-provider a b c d e f g h i j k l m n o p q r s t u v w x y z ab ac ae af ag ah ai aj ak\" dir=\"ltr\">Quick and delicious for the whole family.<\/span><\/p>\t\t\t\t\t\t<\/div>\n\t\t\t\t<\/div>\n\t\t\t\t<div class=\"elementor-element elementor-element-9ade6c0 elementor-align-center elementor-widget elementor-widget-button\" data-id=\"9ade6c0\" data-element_type=\"widget\" data-widget_type=\"button.default\">\n\t\t\t\t<div class=\"elementor-widget-container\">\n\t\t\t\t\t<div class=\"elementor-button-wrapper\">\n\t\t\t<a class=\"elementor-button elementor-button-link elementor-size-sm\" href=\"#\">\n\t\t\t\t\t\t<span class=\"elementor-button-content-wrapper\">\n\t\t\t\t\t\t\t\t\t<span class=\"elementor-button-text\">Visit Meniu website<\/span>\n\t\t\t\t\t<\/span>\n\t\t\t\t\t<\/a>\n\t\t<\/div>\n\t\t\t\t<\/div>\n\t\t\t\t<\/div>\n\t\t\t\t\t<\/div>\n\t\t<\/div>\n\t\t\t\t\t<\/div>\n\t\t<\/section>\n\t\t\t\t<\/div>\n\t\t<\/div>\n\t\t\t\t<\/div>\n\t\t\t\t<\/div>\n\t\t\t\t<\/div>\n\t\t<div class=\"elementor-element elementor-element-0475391 e-flex e-con-boxed e-con e-parent\" data-id=\"0475391\" data-element_type=\"container\">\n\t\t\t\t\t<div class=\"e-con-inner\">\n\t\t\t\t<div class=\"elementor-element elementor-element-c473bbb elementor-widget elementor-widget-shortcode\" data-id=\"c473bbb\" data-element_type=\"widget\" data-widget_type=\"shortcode.default\">\n\t\t\t\t<div class=\"elementor-widget-container\">\n\t\t\t\t\t<div class=\"elementor-shortcode\"><div id=\"sv_custom_breadcrumbs\" class=\"sv_custom_breadcrumbs\"><ul><li class=\"item-home\"><a class=\"bread-link bread-home\" href=\"https:\/\/moradfoods.com\/en\">Home<\/a><\/li><\/ul><\/div><\/div>\n\t\t\t\t<\/div>\n\t\t\t\t<\/div>\n\t\t\t\t\t<\/div>\n\t\t\t\t<\/div>\n\t\t<div class=\"elementor-element elementor-element-8fac561 e-flex e-con-boxed e-con e-parent\" data-id=\"8fac561\" data-element_type=\"container\">\n\t\t\t\t\t<div class=\"e-con-inner\">\n\t\t\t\t<div class=\"elementor-element elementor-element-2261ce0 elementor-widget elementor-widget-shortcode\" data-id=\"2261ce0\" data-element_type=\"widget\" data-widget_type=\"shortcode.default\">\n\t\t\t\t<div class=\"elementor-widget-container\">\n\t\t\t\t\t<div class=\"elementor-shortcode\">\t\t<div data-elementor-type=\"wp-post\" data-elementor-id=\"12351\" class=\"elementor elementor-12351\">\n\t\t\t\t<div class=\"elementor-element elementor-element-8e0fffe e-flex e-con-boxed e-con e-parent\" data-id=\"8e0fffe\" data-element_type=\"container\">\n\t\t\t\t\t<div class=\"e-con-inner\">\n\t\t\t\t<div class=\"elementor-element elementor-element-f2754e9 elementor-invisible elementor-widget elementor-widget-rbb_woo_products\" data-id=\"f2754e9\" data-element_type=\"widget\" data-settings=\"{&quot;_animation&quot;:&quot;fadeIn&quot;}\" data-widget_type=\"rbb_woo_products.default\">\n\t\t\t\t<div class=\"elementor-widget-container\">\n\t\t\t\t<div id=\"rbb_woo_products-6a00bd04c449f\" class=\"rbb_woo_products default\">\n\t\t\t\t\t\t<div class=\"max-w-[1330px] lg:px-[25px] px-[15px] mx-auto md:mb-20 mb-10 wow fadeInUp overflow-hidden\" data-wow-delay=\"0.1s\">\n\t\t\t<div class=\"sm:flex items-center justify-between items-center md:mb-8 mb-10\">\n\t\t\t\t<div class=\"title_left md:flex items-center md:text-left text-center\">\n\t\t\t\t\t\t\t\t\t\t\t\t\t\t\t\t\t\t\t\t\t\t\t<span class=\"title hidden sm:block text-sm uppercase mx-8\">Of<\/span>\n\t\t\t\t\t\t\t<select class=\"appearance-none\"\n\t\t\t\t\t\t\t\t\tdata-class=\"relative inset-0 px-[30px] font-extrabold text-base uppercase cursor-pointer transition-all duration-200 ease-in border-2 rounded-[53px]\"\n\t\t\t\t\t\t\t\t\tdata-ajax='{\t\t\t\t\t\t\t\t\t\t\"action\": \"rbb_get_products_by_category\",\t\t\t\t\t\t\t\t\t\t\"order_by\" : \"include\",\t\t\t\t\t\t\t\t\t\t\"order\" : \"desc\",\t\t\t\t\t\t\t\t\t\t\"limit\" : \"100\",\t\t\t\t\t\t\t\t\t\t\"show_wishlist\" : false,\t\t\t\t\t\t\t\t\t\t\"show_rating\" : false,\t\t\t\t\t\t\t\t\t\t\"show_quickview\" : false,\t\t\t\t\t\t\t\t\t\t\"show_compare\" : false,\t\t\t\t\t\t\t\t\t\t\"show_countdown\" : false,\t\t\t\t\t\t\t\t\t\t\"show_percentage_discount\" : false,\t\t\t\t\t\t\t\t\t\t\"show_add_to_cart\" : false\t\t\t\t\t\t\t\t\t}'\n\t\t\t\t\t\t\t>\n\t\t\t\t\t\t\t\t\t\t\t\t\t\t\t\t\t<option value=\"99\">Meniu<\/option>\n\t\t\t\t\t\t\t\t\t\t\t\t\t\t\t\t\t<option value=\"101\">Vegetable appetizers<\/option>\n\t\t\t\t\t\t\t\t\t\t\t\t\t\t\t\t\t<option value=\"100\">Pate<\/option>\n\t\t\t\t\t\t\t\t\t\t\t\t\t\t\t<\/select>\n\t\t\t\t\t\t\t\t\t\t\t\t\t\t\t\t<\/div>\n\t\t\t\t\t\t\t<\/div>\n\n\t\t\t<div class=\"rbb-slick-carousel slick-carousel slick-carousel-center load-item-3\" data-slick='{\t\t\t\t\"arrows\": false,\t\t\t\t\"appendArrows\" : \"#rbb_woo_products-6a00bd04c449f .arrow-custom\",\t\t\t\t\"prevArrow\": \"#rbb_woo_products-6a00bd04c449f .arrow-custom .prev_custom\",\t\t\t\t\"nextArrow\": \"#rbb_woo_products-6a00bd04c449f .arrow-custom .next_custom\",\t\t\t\t\"dots\": false,\t\t\t\t\"autoplay\": false,\t\t\t\t\"autoplaySpeed\": 3000,\t\t\t\t\"pauseOnFocus\": false,\t\t\t\t\"pauseOnHover\": false,\t\t\t\t\"rows\": 30,\t\t\t\t\"slidesPerRow\" : 3,\t\t\t\t\t\t\t\t\"responsive\": [\t\t\t\t\t\t\t\t\t\t{\t\t\t\t\t\t\"breakpoint\": 767,\t\t\t\t\t\t\"settings\": {\t\t\t\t\t\t\t\"slidesPerRow\": 1\t\t\t\t\t\t}\t\t\t\t\t}\t\t\t\t\t\t,\t\t\t\t\t{\t\t\t\t\t\t\"breakpoint\": 880,\t\t\t\t\t\t\"settings\": {\t\t\t\t\t\t\t\"slidesPerRow\": 2\t\t\t\t\t\t}\t\t\t\t\t}\t\t\t\t\t\t,\t\t\t\t\t{\t\t\t\t\t\t\"breakpoint\": 1024,\t\t\t\t\t\t\"settings\": {\t\t\t\t\t\t\t\"slidesPerRow\": 2\t\t\t\t\t\t}\t\t\t\t\t}\t\t\t\t\t\t,\t\t\t\t\t{\t\t\t\t\t\t\"breakpoint\": 1200,\t\t\t\t\t\t\"settings\": {\t\t\t\t\t\t\t\"slidesPerRow\": 3\t\t\t\t\t\t}\t\t\t\t\t}\t\t\t\t\t\t,\t\t\t\t\t{\t\t\t\t\t\t\"breakpoint\": 1366,\t\t\t\t\t\t\"settings\": {\t\t\t\t\t\t\t\"slidesPerRow\": 3\t\t\t\t\t\t}\t\t\t\t\t}\t\t\t\t\t\t,\t\t\t\t\t{\t\t\t\t\t\t\"breakpoint\": 2399,\t\t\t\t\t\t\"settings\": {\t\t\t\t\t\t\t\"slidesPerRow\": 3\t\t\t\t\t\t}\t\t\t\t\t}\t\t\t\t\t\t,\t\t\t\t\t{\t\t\t\t\t\t\"breakpoint\": 2400,\t\t\t\t\t\t\"settings\": {\t\t\t\t\t\t\t\"slidesPerRow\": 3\t\t\t\t\t\t}\t\t\t\t\t}\t\t\t\t\t\t\t\t\t\t\t]\t\t\t\t\t\t\t\t\t}'\n\t\t\t>\n\t\t\t\t<div class=\"item !flex justify-center h-auto\">\n\t<div class=\"item-product relative w-full rounded-[18px] xl:mt-6 md:mt-[14px] mt-[5px]\">\n\t\t<div class=\"bg-product absolute top-0 left-0 w-full h-full -z-10 rounded-[18px] duration-300 shadow-[10px_11px_20px_0px_rgba(0,0,0,0.15)]\"><\/div>\n\t\t<div class=\"relative h-full flex items-start flex-col overflow-hidden border bg-white rounded-[18px]  z-10\">\n\t\t\t<div class=\"thumbnail-container relative\t\t\t\t1 none-hover-images\">\n\t\t\t\t<a class=\"relative block overflow-hidden\" href=\"https:\/\/moradfoods.com\/en\/shop\/meniu-pate-ficat-porc-family-pack-300g\/\">\n\t\t\t\t\t<img fetchpriority=\"high\" decoding=\"async\" width=\"600\" height=\"600\" src=\"https:\/\/moradfoods.com\/wp-content\/uploads\/2024\/07\/meniu-pate.png\" class=\"max-w-full w-full\" alt=\"MENIU PATE FICAT PORC FAMILY PACK 300g\" \/>\t\t\t\t<\/a>\n\t\t\t\t\t\t\t\t<div class=\"product-flags absolute md:left-4 left-3 md:top-5 top-3 z-10 font-semibold text-[11px]\">\n\t\t\t\t\t\t\t\t\t\t\t\t\t\t\t\t\t\t\t<\/div>\n\t\t\t\t\t\t\t<\/div>\n\t\t\t<div class=\"product_title w-full md:pl-7 xl:pr-16 md:pr-3 mt-3 bg-white\">\n\t\t\t\t<div class=\"pt-3 md:px-0 px-3\">\n\t\t\t\t\t\t\t\t\t\t<a href=\"https:\/\/moradfoods.com\/en\/shop\/meniu-pate-ficat-porc-family-pack-300g\/\" class=\"product_name line-clamp-2 block xl:text-base text-[0.8125rem] font-bold md:mb-6 mb-2\">MENIU FAMILY PACK PORK LIVER PATE 300G<\/a>\n\t\t\t\t<\/div>\n\t\t\t<\/div>\n\t\t\t<div class=\"product_info w-full mt-auto md:pl-7 xl:pr-16 md:pr-3 xl:pb-9 pb-6 relative\">\n\t\t\t\t<div class=\"product_info-bottom bg-white md:px-0 px-3\">\n\t\t\t\t\t<div class=\"product_price text-sm font-extrabold\">\n\t\t\t\t\t\t\t\t\t\t\t<\/div>\n\t\t\t\t<\/div>\n\t\t\t\t<div class=\"product_button absolute md:right-5 md:left-auto left-3 xl:bottom-7 md:bottom-4 bottom-3\">\n\t\t\t\t\t\t\t\t\t\t\t\t\t\t\t\t\t\t\t<\/div>\n\t\t\t<\/div>\n\t\t<\/div>\n\t<\/div>\n<\/div>\n<div class=\"item !flex justify-center h-auto\">\n\t<div class=\"item-product relative w-full rounded-[18px] xl:mt-6 md:mt-[14px] mt-[5px]\">\n\t\t<div class=\"bg-product absolute top-0 left-0 w-full h-full -z-10 rounded-[18px] duration-300 shadow-[10px_11px_20px_0px_rgba(0,0,0,0.15)]\"><\/div>\n\t\t<div class=\"relative h-full flex items-start flex-col overflow-hidden border bg-white rounded-[18px]  z-10\">\n\t\t\t<div class=\"thumbnail-container relative\t\t\t\t1 none-hover-images\">\n\t\t\t\t<a class=\"relative block overflow-hidden\" href=\"https:\/\/moradfoods.com\/en\/shop\/meniu-vegetal-family-pack-300g\/\">\n\t\t\t\t\t<img decoding=\"async\" width=\"600\" height=\"600\" src=\"https:\/\/moradfoods.com\/wp-content\/uploads\/2024\/07\/meniu-vegetal.png\" class=\"max-w-full w-full\" alt=\"MENIU VEGETAL FAMILY PACK\u00a0 300g\" \/>\t\t\t\t<\/a>\n\t\t\t\t\t\t\t\t<div class=\"product-flags absolute md:left-4 left-3 md:top-5 top-3 z-10 font-semibold text-[11px]\">\n\t\t\t\t\t\t\t\t\t\t\t\t\t\t\t\t\t\t\t<\/div>\n\t\t\t\t\t\t\t<\/div>\n\t\t\t<div class=\"product_title w-full md:pl-7 xl:pr-16 md:pr-3 mt-3 bg-white\">\n\t\t\t\t<div class=\"pt-3 md:px-0 px-3\">\n\t\t\t\t\t\t\t\t\t\t<a href=\"https:\/\/moradfoods.com\/en\/shop\/meniu-vegetal-family-pack-300g\/\" class=\"product_name line-clamp-2 block xl:text-base text-[0.8125rem] font-bold md:mb-6 mb-2\">MENIU FAMILY PACK VEGETABLE SPREAD 300G<\/a>\n\t\t\t\t<\/div>\n\t\t\t<\/div>\n\t\t\t<div class=\"product_info w-full mt-auto md:pl-7 xl:pr-16 md:pr-3 xl:pb-9 pb-6 relative\">\n\t\t\t\t<div class=\"product_info-bottom bg-white md:px-0 px-3\">\n\t\t\t\t\t<div class=\"product_price text-sm font-extrabold\">\n\t\t\t\t\t\t\t\t\t\t\t<\/div>\n\t\t\t\t<\/div>\n\t\t\t\t<div class=\"product_button absolute md:right-5 md:left-auto left-3 xl:bottom-7 md:bottom-4 bottom-3\">\n\t\t\t\t\t\t\t\t\t\t\t\t\t\t\t\t\t\t\t<\/div>\n\t\t\t<\/div>\n\t\t<\/div>\n\t<\/div>\n<\/div>\n\t\t\t<\/div>\n\t\t<\/div>\n\t<\/div>\n\t\t\t<\/div>\n\t\t\t\t<\/div>\n\t\t\t\t\t<\/div>\n\t\t\t\t<\/div>\n\t\t\t\t<\/div>\n\t\t<\/div>\n\t\t\t\t<\/div>\n\t\t\t\t<\/div>\n\t\t\t\t\t<\/div>\n\t\t\t\t<\/div>\n\t\t\t\t<\/div>","protected":false},"excerpt":{"rendered":"","protected":false},"author":1,"featured_media":0,"parent":0,"menu_order":0,"comment_status":"closed","ping_status":"closed","template":"","meta":{"_acf_changed":false,"footnotes":""},"class_list":["post-11806","page","type-page","status-publish","hentry"],"acf":[],"yoast_head":"<!-- This site is optimized with the Yoast SEO plugin v23.3 - https:\/\/yoast.com\/wordpress\/plugins\/seo\/ -->\n<title>Exploreaz\u0103 tot portofoliul de produse Morad Foods<\/title>\n<meta name=\"description\" content=\"Bun\u0103t\u0103\u021bi de gust\u0103ri gata preg\u0103tite, sosuri, aperitive vegetale \u0219i sucuri proaspete.\" \/>\n<meta name=\"robots\" content=\"index, follow, max-snippet:-1, max-image-preview:large, max-video-preview:-1\" \/>\n<link rel=\"canonical\" href=\"https:\/\/moradfoods.com\/en\/meniu-de-a-gata\/\" \/>\n<meta property=\"og:locale\" content=\"en_GB\" \/>\n<meta property=\"og:type\" content=\"article\" \/>\n<meta property=\"og:title\" content=\"Exploreaz\u0103 tot portofoliul de produse Morad Foods\" \/>\n<meta property=\"og:description\" content=\"Bun\u0103t\u0103\u021bi de gust\u0103ri gata preg\u0103tite, sosuri, aperitive vegetale \u0219i sucuri proaspete.\" \/>\n<meta property=\"og:url\" content=\"https:\/\/moradfoods.com\/en\/meniu-de-a-gata\/\" \/>\n<meta property=\"og:site_name\" content=\"Morad Foods\" \/>\n<meta property=\"article:modified_time\" content=\"2024-08-01T08:18:27+00:00\" \/>\n<meta name=\"twitter:card\" content=\"summary_large_image\" \/>\n<script type=\"application\/ld+json\" class=\"yoast-schema-graph\">{\"@context\":\"https:\/\/schema.org\",\"@graph\":[{\"@type\":\"WebPage\",\"@id\":\"https:\/\/moradfoods.com\/meniu-de-a-gata\/\",\"url\":\"https:\/\/moradfoods.com\/meniu-de-a-gata\/\",\"name\":\"Exploreaz\u0103 tot portofoliul de produse Morad Foods\",\"isPartOf\":{\"@id\":\"https:\/\/moradfoods.com\/#website\"},\"datePublished\":\"2024-07-29T08:46:54+00:00\",\"dateModified\":\"2024-08-01T08:18:27+00:00\",\"description\":\"Bun\u0103t\u0103\u021bi de gust\u0103ri gata preg\u0103tite, sosuri, aperitive vegetale \u0219i sucuri proaspete.\",\"breadcrumb\":{\"@id\":\"https:\/\/moradfoods.com\/meniu-de-a-gata\/#breadcrumb\"},\"inLanguage\":\"en-GB\",\"potentialAction\":[{\"@type\":\"ReadAction\",\"target\":[\"https:\/\/moradfoods.com\/meniu-de-a-gata\/\"]}]},{\"@type\":\"BreadcrumbList\",\"@id\":\"https:\/\/moradfoods.com\/meniu-de-a-gata\/#breadcrumb\",\"itemListElement\":[{\"@type\":\"ListItem\",\"position\":1,\"name\":\"Home\",\"item\":\"https:\/\/moradfoods.com\/\"},{\"@type\":\"ListItem\",\"position\":2,\"name\":\"Meniu de-a gata\"}]},{\"@type\":\"WebSite\",\"@id\":\"https:\/\/moradfoods.com\/#website\",\"url\":\"https:\/\/moradfoods.com\/\",\"name\":\"Morad Foods\",\"description\":\"Morad Foods\",\"publisher\":{\"@id\":\"https:\/\/moradfoods.com\/#organization\"},\"potentialAction\":[{\"@type\":\"SearchAction\",\"target\":{\"@type\":\"EntryPoint\",\"urlTemplate\":\"https:\/\/moradfoods.com\/?s={search_term_string}\"},\"query-input\":\"required name=search_term_string\"}],\"inLanguage\":\"en-GB\"},{\"@type\":\"Organization\",\"@id\":\"https:\/\/moradfoods.com\/#organization\",\"name\":\"Morad Foods\",\"url\":\"https:\/\/moradfoods.com\/\",\"logo\":{\"@type\":\"ImageObject\",\"inLanguage\":\"en-GB\",\"@id\":\"https:\/\/moradfoods.com\/#\/schema\/logo\/image\/\",\"url\":\"https:\/\/moradfoods.com\/wp-content\/uploads\/2024\/07\/Layer_1.svg\",\"contentUrl\":\"https:\/\/moradfoods.com\/wp-content\/uploads\/2024\/07\/Layer_1.svg\",\"width\":76,\"height\":79,\"caption\":\"Morad Foods\"},\"image\":{\"@id\":\"https:\/\/moradfoods.com\/#\/schema\/logo\/image\/\"}}]}<\/script>\n<!-- \/ Yoast SEO plugin. -->","yoast_head_json":{"title":"Exploreaz\u0103 tot portofoliul de produse Morad Foods","description":"Bun\u0103t\u0103\u021bi de gust\u0103ri gata preg\u0103tite, sosuri, aperitive vegetale \u0219i sucuri proaspete.","robots":{"index":"index","follow":"follow","max-snippet":"max-snippet:-1","max-image-preview":"max-image-preview:large","max-video-preview":"max-video-preview:-1"},"canonical":"https:\/\/moradfoods.com\/en\/meniu-de-a-gata\/","og_locale":"en_GB","og_type":"article","og_title":"Exploreaz\u0103 tot portofoliul de produse Morad Foods","og_description":"Bun\u0103t\u0103\u021bi de gust\u0103ri gata preg\u0103tite, sosuri, aperitive vegetale \u0219i sucuri proaspete.","og_url":"https:\/\/moradfoods.com\/en\/meniu-de-a-gata\/","og_site_name":"Morad Foods","article_modified_time":"2024-08-01T08:18:27+00:00","twitter_card":"summary_large_image","schema":{"@context":"https:\/\/schema.org","@graph":[{"@type":"WebPage","@id":"https:\/\/moradfoods.com\/meniu-de-a-gata\/","url":"https:\/\/moradfoods.com\/meniu-de-a-gata\/","name":"Exploreaz\u0103 tot portofoliul de produse Morad Foods","isPartOf":{"@id":"https:\/\/moradfoods.com\/#website"},"datePublished":"2024-07-29T08:46:54+00:00","dateModified":"2024-08-01T08:18:27+00:00","description":"Bun\u0103t\u0103\u021bi de gust\u0103ri gata preg\u0103tite, sosuri, aperitive vegetale \u0219i sucuri proaspete.","breadcrumb":{"@id":"https:\/\/moradfoods.com\/meniu-de-a-gata\/#breadcrumb"},"inLanguage":"en-GB","potentialAction":[{"@type":"ReadAction","target":["https:\/\/moradfoods.com\/meniu-de-a-gata\/"]}]},{"@type":"BreadcrumbList","@id":"https:\/\/moradfoods.com\/meniu-de-a-gata\/#breadcrumb","itemListElement":[{"@type":"ListItem","position":1,"name":"Home","item":"https:\/\/moradfoods.com\/"},{"@type":"ListItem","position":2,"name":"Meniu de-a gata"}]},{"@type":"WebSite","@id":"https:\/\/moradfoods.com\/#website","url":"https:\/\/moradfoods.com\/","name":"Morad Foods","description":"Morad Foods","publisher":{"@id":"https:\/\/moradfoods.com\/#organization"},"potentialAction":[{"@type":"SearchAction","target":{"@type":"EntryPoint","urlTemplate":"https:\/\/moradfoods.com\/?s={search_term_string}"},"query-input":"required name=search_term_string"}],"inLanguage":"en-GB"},{"@type":"Organization","@id":"https:\/\/moradfoods.com\/#organization","name":"Morad Foods","url":"https:\/\/moradfoods.com\/","logo":{"@type":"ImageObject","inLanguage":"en-GB","@id":"https:\/\/moradfoods.com\/#\/schema\/logo\/image\/","url":"https:\/\/moradfoods.com\/wp-content\/uploads\/2024\/07\/Layer_1.svg","contentUrl":"https:\/\/moradfoods.com\/wp-content\/uploads\/2024\/07\/Layer_1.svg","width":76,"height":79,"caption":"Morad Foods"},"image":{"@id":"https:\/\/moradfoods.com\/#\/schema\/logo\/image\/"}}]}},"rttpg_featured_image_url":null,"rttpg_author":{"display_name":"morad_admin","author_link":"https:\/\/moradfoods.com\/en\/author\/morad_admin\/"},"rttpg_comment":0,"rttpg_category":null,"rttpg_excerpt":null,"_links":{"self":[{"href":"https:\/\/moradfoods.com\/en\/wp-json\/wp\/v2\/pages\/11806"}],"collection":[{"href":"https:\/\/moradfoods.com\/en\/wp-json\/wp\/v2\/pages"}],"about":[{"href":"https:\/\/moradfoods.com\/en\/wp-json\/wp\/v2\/types\/page"}],"author":[{"embeddable":true,"href":"https:\/\/moradfoods.com\/en\/wp-json\/wp\/v2\/users\/1"}],"replies":[{"embeddable":true,"href":"https:\/\/moradfoods.com\/en\/wp-json\/wp\/v2\/comments?post=11806"}],"version-history":[{"count":51,"href":"https:\/\/moradfoods.com\/en\/wp-json\/wp\/v2\/pages\/11806\/revisions"}],"predecessor-version":[{"id":12650,"href":"https:\/\/moradfoods.com\/en\/wp-json\/wp\/v2\/pages\/11806\/revisions\/12650"}],"wp:attachment":[{"href":"https:\/\/moradfoods.com\/en\/wp-json\/wp\/v2\/media?parent=11806"}],"curies":[{"name":"wp","href":"https:\/\/api.w.org\/{rel}","templated":true}]}}