{"id":12459,"date":"2024-07-31T09:41:42","date_gmt":"2024-07-31T09:41:42","guid":{"rendered":"https:\/\/dev.moradfoods.com\/?page_id=12459"},"modified":"2024-08-05T06:23:39","modified_gmt":"2024-08-05T06:23:39","slug":"informatii-legale","status":"publish","type":"page","link":"https:\/\/moradfoods.com\/en\/informatii-legale\/","title":{"rendered":"Legal information"},"content":{"rendered":"<div data-elementor-type=\"wp-page\" data-elementor-id=\"12459\" class=\"elementor elementor-12459\">\n\t\t\t\t<div class=\"elementor-element elementor-element-06315ec e-flex e-con-boxed e-con e-parent\" data-id=\"06315ec\" data-element_type=\"container\">\n\t\t\t\t\t<div class=\"e-con-inner\">\n\t\t\t\t<div class=\"elementor-element elementor-element-d3e0aea elementor-widget elementor-widget-text-editor\" data-id=\"d3e0aea\" data-element_type=\"widget\" data-widget_type=\"text-editor.default\">\n\t\t\t\t<div class=\"elementor-widget-container\">\n\t\t\t<style>\/*! elementor - v3.23.0 - 15-07-2024 *\/\n.elementor-widget-text-editor.elementor-drop-cap-view-stacked .elementor-drop-cap{background-color:#69727d;color:#fff}.elementor-widget-text-editor.elementor-drop-cap-view-framed .elementor-drop-cap{color:#69727d;border:3px solid;background-color:transparent}.elementor-widget-text-editor:not(.elementor-drop-cap-view-default) .elementor-drop-cap{margin-top:8px}.elementor-widget-text-editor:not(.elementor-drop-cap-view-default) .elementor-drop-cap-letter{width:1em;height:1em}.elementor-widget-text-editor .elementor-drop-cap{float:left;text-align:center;line-height:1;font-size:50px}.elementor-widget-text-editor .elementor-drop-cap-letter{display:inline-block}<\/style>\t\t\t\t<p><strong>Terms and Conditions for the Use and Browsing of the moradfoods.com Website<\/strong><\/p><p>\u00a0<\/p><p><strong>Acceptance of Terms and Conditions<\/strong><\/p><p>By accessing and using the moradfoods.com website, you agree to comply with these Terms and Conditions, as well as any applicable laws and regulations. If you do not agree with these terms, please do not use this website.<\/p><p>By using the moradfoods.com website, the user can view details about the company, its brands, and products.<\/p><p><strong>Use and Access to Content<\/strong><\/p><p>The content available on moradfoods.com is intended for general information about our field of activity and the products we offer and does not constitute professional advice or recommendations. Use of this content is at your own risk. S.C. Morad Foods SRL and its affiliates, officers, directors, employees, agents, or any other party involved in the design, production, or offering of the site are not liable for direct or indirect damages of any kind arising from or related to the use of this site or its content. S.C. Morad Foods SRL assumes no responsibility and will not be liable for any damages or viruses that may infect your computer or other property as a result of accessing or using this site, or downloading any material, information, text, video images, or audio from this site.<\/p><p><strong>Intellectual Property Rights<\/strong><\/p><p>All intellectual property rights to the content and materials available on moradfoods.com, including but not limited to texts, images, graphics, videos, and logos, are owned and copyrighted by S.C. Morad Foods SRL, a Romanian legal entity, with its headquarters at Drumul Nisipoasa nr 46-52, sector 1, Bucharest, Romania, or others with all rights reserved unless otherwise specified. Any content consisting of a trademark, logo, or service mark represents a registered and unregistered trademark of S.C. Morad Foods SRL. Unauthorized use of these materials is prohibited.<\/p><p><strong>Privacy and Data Protection<\/strong><\/p><p>Our privacy policy governs how we collect, use, and protect your personal data while using the moradfoods.com website. By accessing and using this website, you agree to our practices regarding privacy and data protection. For more information on this matter, please read our <em>Privacy Policy<\/em> and <em>Cookie Policy<\/em>.<\/p><p><strong>Links to Other Websites<\/strong><\/p><p>moradfoods.com may contain links to other websites that are or are not controlled or owned by us, such as specific websites mentioned for our brands. We do not assume any responsibility for the content or privacy practices of these third-party websites. Use of these links is at the user's own risk.<\/p><p><strong>Applicable Law and Jurisdiction<\/strong><\/p><p>These Terms of Use and the use of this site are governed by the laws of Romania. The competent courts of Romania will have exclusive jurisdiction over any and all disputes that may arise from or relate to the provisions of the Terms of Use and\/or the content of the site or in case of disputes where these Terms of Use and\/or this site are considered relevant facts for such disputes.<\/p><p><strong>Modifications to the Terms and Conditions<\/strong><\/p><p>We reserve the right to modify, update, or replace these Terms and Conditions at any time without prior notice. Any changes will take effect immediately upon their publication on MoradFoods.com. Continued use of the website after such changes represents acceptance of them.<\/p><p><strong>Contact<\/strong><\/p><p>If you have any questions or concerns regarding these Terms and Conditions, please contact us at the email address or phone number displayed on the website.<\/p>\t\t\t\t\t\t<\/div>\n\t\t\t\t<\/div>\n\t\t\t\t\t<\/div>\n\t\t\t\t<\/div>\n\t\t\t\t<\/div>","protected":false},"excerpt":{"rendered":"<p>Termeni \u0219i condi\u021bii generale pentru utilizarea \u0219i navigarea pe website-ul Moradfoods.com \u00a0 Acceptarea Termenilor \u0219i Condi\u021biilor Acces\u00e2nd \u0219i folosind website-ul MoradFoods.com, sunte\u021bi de acord s\u0103 respecta\u021bi ace\u0219ti Termeni \u0219i Condi\u021bii, precum \u0219i orice alte legi \u0219i reglement\u0103ri aplicabile. Dac\u0103 nu sunte\u021bi de acord cu ace\u0219ti termeni, v\u0103 rug\u0103m s\u0103 nu utiliza\u021bi acest website. Prin utilizarea [&hellip;]<\/p>","protected":false},"author":1,"featured_media":0,"parent":0,"menu_order":0,"comment_status":"closed","ping_status":"closed","template":"","meta":{"_acf_changed":false,"footnotes":""},"class_list":["post-12459","page","type-page","status-publish","hentry"],"acf":[],"yoast_head":"<!-- This site is optimized with the Yoast SEO plugin v23.3 - https:\/\/yoast.com\/wordpress\/plugins\/seo\/ -->\n<title>Exploreaz\u0103 tot portofoliul de produse Morad Foods<\/title>\n<meta name=\"description\" content=\"Bun\u0103t\u0103\u021bi de gust\u0103ri gata preg\u0103tite, sosuri, aperitive vegetale \u0219i sucuri proaspete.\" \/>\n<meta name=\"robots\" content=\"index, follow, max-snippet:-1, max-image-preview:large, max-video-preview:-1\" \/>\n<link rel=\"canonical\" href=\"https:\/\/moradfoods.com\/en\/informatii-legale\/\" \/>\n<meta property=\"og:locale\" content=\"en_GB\" \/>\n<meta property=\"og:type\" content=\"article\" \/>\n<meta property=\"og:title\" content=\"Exploreaz\u0103 tot portofoliul de produse Morad Foods\" \/>\n<meta property=\"og:description\" content=\"Bun\u0103t\u0103\u021bi de gust\u0103ri gata preg\u0103tite, sosuri, aperitive vegetale \u0219i sucuri proaspete.\" \/>\n<meta property=\"og:url\" content=\"https:\/\/moradfoods.com\/en\/informatii-legale\/\" \/>\n<meta property=\"og:site_name\" content=\"Morad Foods\" \/>\n<meta property=\"article:modified_time\" content=\"2024-08-05T06:23:39+00:00\" \/>\n<meta name=\"twitter:card\" content=\"summary_large_image\" \/>\n<meta name=\"twitter:label1\" content=\"Estimated reading time\" \/>\n\t<meta name=\"twitter:data1\" content=\"3 minutes\" \/>\n<script type=\"application\/ld+json\" class=\"yoast-schema-graph\">{\"@context\":\"https:\/\/schema.org\",\"@graph\":[{\"@type\":\"WebPage\",\"@id\":\"https:\/\/moradfoods.com\/informatii-legale\/\",\"url\":\"https:\/\/moradfoods.com\/informatii-legale\/\",\"name\":\"Exploreaz\u0103 tot portofoliul de produse Morad Foods\",\"isPartOf\":{\"@id\":\"https:\/\/moradfoods.com\/#website\"},\"datePublished\":\"2024-07-31T09:41:42+00:00\",\"dateModified\":\"2024-08-05T06:23:39+00:00\",\"description\":\"Bun\u0103t\u0103\u021bi de gust\u0103ri gata preg\u0103tite, sosuri, aperitive vegetale \u0219i sucuri proaspete.\",\"breadcrumb\":{\"@id\":\"https:\/\/moradfoods.com\/informatii-legale\/#breadcrumb\"},\"inLanguage\":\"en-GB\",\"potentialAction\":[{\"@type\":\"ReadAction\",\"target\":[\"https:\/\/moradfoods.com\/informatii-legale\/\"]}]},{\"@type\":\"BreadcrumbList\",\"@id\":\"https:\/\/moradfoods.com\/informatii-legale\/#breadcrumb\",\"itemListElement\":[{\"@type\":\"ListItem\",\"position\":1,\"name\":\"Home\",\"item\":\"https:\/\/moradfoods.com\/\"},{\"@type\":\"ListItem\",\"position\":2,\"name\":\"Informa\u021bii legale\"}]},{\"@type\":\"WebSite\",\"@id\":\"https:\/\/moradfoods.com\/#website\",\"url\":\"https:\/\/moradfoods.com\/\",\"name\":\"Morad Foods\",\"description\":\"Morad Foods\",\"publisher\":{\"@id\":\"https:\/\/moradfoods.com\/#organization\"},\"potentialAction\":[{\"@type\":\"SearchAction\",\"target\":{\"@type\":\"EntryPoint\",\"urlTemplate\":\"https:\/\/moradfoods.com\/?s={search_term_string}\"},\"query-input\":\"required name=search_term_string\"}],\"inLanguage\":\"en-GB\"},{\"@type\":\"Organization\",\"@id\":\"https:\/\/moradfoods.com\/#organization\",\"name\":\"Morad Foods\",\"url\":\"https:\/\/moradfoods.com\/\",\"logo\":{\"@type\":\"ImageObject\",\"inLanguage\":\"en-GB\",\"@id\":\"https:\/\/moradfoods.com\/#\/schema\/logo\/image\/\",\"url\":\"https:\/\/moradfoods.com\/wp-content\/uploads\/2024\/07\/Layer_1.svg\",\"contentUrl\":\"https:\/\/moradfoods.com\/wp-content\/uploads\/2024\/07\/Layer_1.svg\",\"width\":76,\"height\":79,\"caption\":\"Morad Foods\"},\"image\":{\"@id\":\"https:\/\/moradfoods.com\/#\/schema\/logo\/image\/\"}}]}<\/script>\n<!-- \/ Yoast SEO plugin. -->","yoast_head_json":{"title":"Exploreaz\u0103 tot portofoliul de produse Morad Foods","description":"Bun\u0103t\u0103\u021bi de gust\u0103ri gata preg\u0103tite, sosuri, aperitive vegetale \u0219i sucuri proaspete.","robots":{"index":"index","follow":"follow","max-snippet":"max-snippet:-1","max-image-preview":"max-image-preview:large","max-video-preview":"max-video-preview:-1"},"canonical":"https:\/\/moradfoods.com\/en\/informatii-legale\/","og_locale":"en_GB","og_type":"article","og_title":"Exploreaz\u0103 tot portofoliul de produse Morad Foods","og_description":"Bun\u0103t\u0103\u021bi de gust\u0103ri gata preg\u0103tite, sosuri, aperitive vegetale \u0219i sucuri proaspete.","og_url":"https:\/\/moradfoods.com\/en\/informatii-legale\/","og_site_name":"Morad Foods","article_modified_time":"2024-08-05T06:23:39+00:00","twitter_card":"summary_large_image","twitter_misc":{"Estimated reading time":"3 minutes"},"schema":{"@context":"https:\/\/schema.org","@graph":[{"@type":"WebPage","@id":"https:\/\/moradfoods.com\/informatii-legale\/","url":"https:\/\/moradfoods.com\/informatii-legale\/","name":"Exploreaz\u0103 tot portofoliul de produse Morad Foods","isPartOf":{"@id":"https:\/\/moradfoods.com\/#website"},"datePublished":"2024-07-31T09:41:42+00:00","dateModified":"2024-08-05T06:23:39+00:00","description":"Bun\u0103t\u0103\u021bi de gust\u0103ri gata preg\u0103tite, sosuri, aperitive vegetale \u0219i sucuri proaspete.","breadcrumb":{"@id":"https:\/\/moradfoods.com\/informatii-legale\/#breadcrumb"},"inLanguage":"en-GB","potentialAction":[{"@type":"ReadAction","target":["https:\/\/moradfoods.com\/informatii-legale\/"]}]},{"@type":"BreadcrumbList","@id":"https:\/\/moradfoods.com\/informatii-legale\/#breadcrumb","itemListElement":[{"@type":"ListItem","position":1,"name":"Home","item":"https:\/\/moradfoods.com\/"},{"@type":"ListItem","position":2,"name":"Informa\u021bii legale"}]},{"@type":"WebSite","@id":"https:\/\/moradfoods.com\/#website","url":"https:\/\/moradfoods.com\/","name":"Morad Foods","description":"Morad Foods","publisher":{"@id":"https:\/\/moradfoods.com\/#organization"},"potentialAction":[{"@type":"SearchAction","target":{"@type":"EntryPoint","urlTemplate":"https:\/\/moradfoods.com\/?s={search_term_string}"},"query-input":"required name=search_term_string"}],"inLanguage":"en-GB"},{"@type":"Organization","@id":"https:\/\/moradfoods.com\/#organization","name":"Morad Foods","url":"https:\/\/moradfoods.com\/","logo":{"@type":"ImageObject","inLanguage":"en-GB","@id":"https:\/\/moradfoods.com\/#\/schema\/logo\/image\/","url":"https:\/\/moradfoods.com\/wp-content\/uploads\/2024\/07\/Layer_1.svg","contentUrl":"https:\/\/moradfoods.com\/wp-content\/uploads\/2024\/07\/Layer_1.svg","width":76,"height":79,"caption":"Morad Foods"},"image":{"@id":"https:\/\/moradfoods.com\/#\/schema\/logo\/image\/"}}]}},"rttpg_featured_image_url":null,"rttpg_author":{"display_name":"morad_admin","author_link":"https:\/\/moradfoods.com\/en\/author\/morad_admin\/"},"rttpg_comment":0,"rttpg_category":null,"rttpg_excerpt":"Termeni \u0219i condi\u021bii generale pentru utilizarea \u0219i navigarea pe website-ul Moradfoods.com \u00a0 Acceptarea Termenilor \u0219i Condi\u021biilor Acces\u00e2nd \u0219i folosind website-ul MoradFoods.com, sunte\u021bi de acord s\u0103 respecta\u021bi ace\u0219ti Termeni \u0219i Condi\u021bii, precum \u0219i orice alte legi \u0219i reglement\u0103ri aplicabile. Dac\u0103 nu sunte\u021bi de acord cu ace\u0219ti termeni, v\u0103 rug\u0103m s\u0103 nu utiliza\u021bi acest website. Prin utilizarea&hellip;","_links":{"self":[{"href":"https:\/\/moradfoods.com\/en\/wp-json\/wp\/v2\/pages\/12459"}],"collection":[{"href":"https:\/\/moradfoods.com\/en\/wp-json\/wp\/v2\/pages"}],"about":[{"href":"https:\/\/moradfoods.com\/en\/wp-json\/wp\/v2\/types\/page"}],"author":[{"embeddable":true,"href":"https:\/\/moradfoods.com\/en\/wp-json\/wp\/v2\/users\/1"}],"replies":[{"embeddable":true,"href":"https:\/\/moradfoods.com\/en\/wp-json\/wp\/v2\/comments?post=12459"}],"version-history":[{"count":13,"href":"https:\/\/moradfoods.com\/en\/wp-json\/wp\/v2\/pages\/12459\/revisions"}],"predecessor-version":[{"id":12922,"href":"https:\/\/moradfoods.com\/en\/wp-json\/wp\/v2\/pages\/12459\/revisions\/12922"}],"wp:attachment":[{"href":"https:\/\/moradfoods.com\/en\/wp-json\/wp\/v2\/media?parent=12459"}],"curies":[{"name":"wp","href":"https:\/\/api.w.org\/{rel}","templated":true}]}}