{"id":12463,"date":"2024-07-31T09:42:22","date_gmt":"2024-07-31T09:42:22","guid":{"rendered":"https:\/\/dev.moradfoods.com\/?page_id=12463"},"modified":"2024-09-02T14:24:37","modified_gmt":"2024-09-02T14:24:37","slug":"cookie","status":"publish","type":"page","link":"https:\/\/moradfoods.com\/en\/cookie\/","title":{"rendered":"Cookie"},"content":{"rendered":"<div data-elementor-type=\"wp-page\" data-elementor-id=\"12463\" class=\"elementor elementor-12463\">\n\t\t\t\t<div class=\"elementor-element elementor-element-49b0e52 elementor-hidden-widescreen elementor-hidden-desktop elementor-hidden-laptop elementor-hidden-tablet_extra elementor-hidden-tablet elementor-hidden-mobile_extra elementor-hidden-mobile e-flex e-con-boxed e-con e-parent\" data-id=\"49b0e52\" data-element_type=\"container\">\n\t\t\t\t\t<div class=\"e-con-inner\">\n\t\t\t\t<div class=\"elementor-element elementor-element-111ff1d elementor-widget elementor-widget-text-editor\" data-id=\"111ff1d\" data-element_type=\"widget\" data-widget_type=\"text-editor.default\">\n\t\t\t\t<div class=\"elementor-widget-container\">\n\t\t\t<style>\/*! elementor - v3.23.0 - 15-07-2024 *\/\n.elementor-widget-text-editor.elementor-drop-cap-view-stacked .elementor-drop-cap{background-color:#69727d;color:#fff}.elementor-widget-text-editor.elementor-drop-cap-view-framed .elementor-drop-cap{color:#69727d;border:3px solid;background-color:transparent}.elementor-widget-text-editor:not(.elementor-drop-cap-view-default) .elementor-drop-cap{margin-top:8px}.elementor-widget-text-editor:not(.elementor-drop-cap-view-default) .elementor-drop-cap-letter{width:1em;height:1em}.elementor-widget-text-editor .elementor-drop-cap{float:left;text-align:center;line-height:1;font-size:50px}.elementor-widget-text-editor .elementor-drop-cap-letter{display:inline-block}<\/style>\t\t\t\t<p>Control Your Data<\/p><p>We and our partners use cookies and similar technologies to collect information about you for the following purposes:<\/p><p>1.\tWebsite functionality<\/p><p>2.\tVisitor behavior analysis<\/p><p>3.\tMarketing<\/p><p>By clicking \"Accept,\" you agree to the use of your information for the purposes mentioned above. You can also choose the purposes for which you consent by using the available buttons and saving your preferences.<\/p><p>Your consent applies to all pages of the moradfoods.com website. You can withdraw your consent at any time by accessing the \"Modify cookies\" link located at the bottom of each page.<\/p><p>You can withdraw your consent at any time by accessing the \"Modify cookies\" link located at the bottom of each page.<\/p><p>For more information about the use of cookies and other technologies, as well as the collection and processing of personal information, please visit our dedicated page here:<\/p><p>Cookie Policy (TO BE COMPLETED WITH THE COOKIE POLICY PAGE BELOW)<\/p><p><a href=\"https:\/\/business.safety.google\/privacy\/\">Google Privacy Policy:<\/a> <a href=\"https:\/\/business.safety.google\/privacy\/\">https:\/\/business.safety.google\/privacy\/<\/a><\/p><p>Cookie statement last updated on 01.06.2024<\/p><p>\u00a0<\/p>\t\t\t\t\t\t<\/div>\n\t\t\t\t<\/div>\n\t\t\t\t<div class=\"elementor-element elementor-element-2310e0e elementor-widget elementor-widget-image\" data-id=\"2310e0e\" data-element_type=\"widget\" data-widget_type=\"image.default\">\n\t\t\t\t<div class=\"elementor-widget-container\">\n\t\t\t<style>\/*! elementor - v3.23.0 - 15-07-2024 *\/\n.elementor-widget-image{text-align:center}.elementor-widget-image a{display:inline-block}.elementor-widget-image a img[src$=\".svg\"]{width:48px}.elementor-widget-image img{vertical-align:middle;display:inline-block}<\/style>\t\t\t\t\t\t\t\t\t\t<img fetchpriority=\"high\" decoding=\"async\" width=\"624\" height=\"252\" src=\"https:\/\/moradfoods.com\/wp-content\/uploads\/2024\/08\/Picture1.png\" class=\"attachment-large size-large wp-image-12897\" alt=\"\" \/>\t\t\t\t\t\t\t\t\t\t\t\t\t<\/div>\n\t\t\t\t<\/div>\n\t\t\t\t\t<\/div>\n\t\t\t\t<\/div>\n\t\t<div class=\"elementor-element elementor-element-7ca71dc elementor-hidden-widescreen elementor-hidden-desktop elementor-hidden-laptop elementor-hidden-tablet_extra elementor-hidden-tablet elementor-hidden-mobile_extra elementor-hidden-mobile e-flex e-con-boxed e-con e-parent\" data-id=\"7ca71dc\" data-element_type=\"container\">\n\t\t\t\t\t<div class=\"e-con-inner\">\n\t\t\t\t<div class=\"elementor-element elementor-element-f16cdab elementor-widget elementor-widget-text-editor\" data-id=\"f16cdab\" data-element_type=\"widget\" data-widget_type=\"text-editor.default\">\n\t\t\t\t<div class=\"elementor-widget-container\">\n\t\t\t\t\t\t\t<p>Cookie Policy<\/p><p>About Cookies<\/p><p>A cookie is a small text-based data file stored on your device (mobile phone, computer\/laptop, tablet). This file does not contain viruses and cannot harm your device.<\/p><p>\u00a0<\/p><p>How and Why We Use Cookies<\/p><p>Cookies are essential for the proper functioning of our website. They help us understand how you use the site so that we can update and customize the main page according to your preferences and interests. For example, cookies can remember what you added to the shopping cart during a previous visit, whether you are logged in, and what your language and currency preferences are. Additionally, we use cookies to display ads to you on other web pages. In general, cookies allow us to offer you relevant and interesting content.<\/p><p>How Are Cookies Used by This Site?<\/p><p>A visit to this site may place cookies for the following purposes:<\/p><p>\u25ba Performance cookies<br \/>\u25ba Visitor analysis cookies<br \/>\u25ba Geotargeting cookies<br \/>\u25ba Advertising cookies<br \/>\u25ba Advertising provider cookies<\/p><p>\u00a0<\/p><p>How Long Are Cookies Stored?<\/p><p>The storage period of cookies on your device may vary. The expiration date is determined by your last visit to our main page. After expiration, cookies are automatically deleted.<\/p><p>Do Cookies Contain Personal Data?<\/p><p>Cookies themselves do not require personal information to be used, and in most cases, do not personally identify internet users. Personal data collected through the use of cookies may be collected only to facilitate certain functionalities for the user. Such data is encrypted in a way that makes unauthorized access impossible.<\/p><p>\u00a0<\/p><p>How to Refuse or Delete Cookies<\/p><p>You can refuse cookies from your computer, tablet, or phone at any time by accessing your browser settings. The location of these settings depends on the browser you use. Please note that changing these settings may make some functionalities and services of our site unavailable. You can also opt-out of saving Google Analytics cookies <a href=\"https:\/\/tools.google.com\/dlpage\/gaoptout\"><strong>here\u00a0<\/strong><\/a>.<\/p><p>You can delete cookies you have previously accepted. If you are using a computer with an updated browser, you can do this using the following keyboard shortcut: CTRL + SHIFT + Delete. If the shortcut does not work, or if you are using another operating system, please select your browser to learn how to delete cookies.<\/p><p><a href=\"https:\/\/support.microsoft.com\/en-us\/help\/17442\/windows-internet-explorer-delete-manage-cookies#ie=ie-11\">Internet Explorer<\/a><\/p><p><a href=\"https:\/\/support.mozilla.org\/en-US\/kb\/delete-cookies-remove-info-websites-stored\">Mozilla Firefox<\/a><\/p><p><a href=\"https:\/\/support.google.com\/chrome\/answer\/95647?hl=en\">Google Chrome<\/a><\/p><p><a href=\"https:\/\/www.opera.com\/help\/tutorials\/security\/cookies\">Opera<\/a><\/p><p><a href=\"https:\/\/support.apple.com\/en-us\/HT201265\">Safari<\/a><\/p><p><a href=\"https:\/\/support.apple.com\/en-us\/HT1677\">Apple<\/a><\/p><p><a href=\"https:\/\/timeread.hubpages.com\/hub\/How-to-delete-internet-cookies-on-your-Droid-or-any-Android-device\">Android<\/a><\/p><p>Note: If you use multiple browsers, you need to delete cookies from all browsers.<\/p>\t\t\t\t\t\t<\/div>\n\t\t\t\t<\/div>\n\t\t\t\t\t<\/div>\n\t\t\t\t<\/div>\n\t\t<div class=\"elementor-element elementor-element-89b8a2e e-flex e-con-boxed e-con e-parent\" data-id=\"89b8a2e\" data-element_type=\"container\">\n\t\t\t\t\t<div class=\"e-con-inner\">\n\t\t\t\t<div class=\"elementor-element elementor-element-be1bdd4 elementor-widget elementor-widget-spacer\" data-id=\"be1bdd4\" data-element_type=\"widget\" data-widget_type=\"spacer.default\">\n\t\t\t\t<div class=\"elementor-widget-container\">\n\t\t\t<style>\/*! elementor - v3.23.0 - 15-07-2024 *\/\n.elementor-column .elementor-spacer-inner{height:var(--spacer-size)}.e-con{--container-widget-width:100%}.e-con-inner>.elementor-widget-spacer,.e-con>.elementor-widget-spacer{width:var(--container-widget-width,var(--spacer-size));--align-self:var(--container-widget-align-self,initial);--flex-shrink:0}.e-con-inner>.elementor-widget-spacer>.elementor-widget-container,.e-con>.elementor-widget-spacer>.elementor-widget-container{height:100%;width:100%}.e-con-inner>.elementor-widget-spacer>.elementor-widget-container>.elementor-spacer,.e-con>.elementor-widget-spacer>.elementor-widget-container>.elementor-spacer{height:100%}.e-con-inner>.elementor-widget-spacer>.elementor-widget-container>.elementor-spacer>.elementor-spacer-inner,.e-con>.elementor-widget-spacer>.elementor-widget-container>.elementor-spacer>.elementor-spacer-inner{height:var(--container-widget-height,var(--spacer-size))}.e-con-inner>.elementor-widget-spacer.elementor-widget-empty,.e-con>.elementor-widget-spacer.elementor-widget-empty{position:relative;min-height:22px;min-width:22px}.e-con-inner>.elementor-widget-spacer.elementor-widget-empty .elementor-widget-empty-icon,.e-con>.elementor-widget-spacer.elementor-widget-empty .elementor-widget-empty-icon{position:absolute;top:0;bottom:0;left:0;right:0;margin:auto;padding:0;width:22px;height:22px}<\/style>\t\t<div class=\"elementor-spacer\">\n\t\t\t<div class=\"elementor-spacer-inner\"><\/div>\n\t\t<\/div>\n\t\t\t\t<\/div>\n\t\t\t\t<\/div>\n\t\t\t\t<div class=\"elementor-element elementor-element-e07a599 elementor-widget elementor-widget-html\" data-id=\"e07a599\" data-element_type=\"widget\" data-widget_type=\"html.default\">\n\t\t\t\t<div class=\"elementor-widget-container\">\n\t\t\t<script id=\"CookieDeclaration\" src=\"https:\/\/consent.cookiebot.com\/8a31eb00-a647-42a3-aa27-613d647a5674\/cd.js\" type=\"text\/javascript\" async><\/script>\t\t<\/div>\n\t\t\t\t<\/div>\n\t\t\t\t<div class=\"elementor-element elementor-element-f30f5ed elementor-widget elementor-widget-spacer\" data-id=\"f30f5ed\" data-element_type=\"widget\" data-widget_type=\"spacer.default\">\n\t\t\t\t<div class=\"elementor-widget-container\">\n\t\t\t\t\t<div class=\"elementor-spacer\">\n\t\t\t<div class=\"elementor-spacer-inner\"><\/div>\n\t\t<\/div>\n\t\t\t\t<\/div>\n\t\t\t\t<\/div>\n\t\t\t\t\t<\/div>\n\t\t\t\t<\/div>\n\t\t\t\t<\/div>","protected":false},"excerpt":{"rendered":"<p>Controla\u021bi datele dumneavoastr\u0103 Noi \u0219i partenerii no\u0219tri folosim cookie-uri \u0219i tehnologii similare pentru a colecta informa\u021bii despre dumneavoastr\u0103 \u00een urm\u0103toarele scopuri: Func\u021bionalitatea site-ului Analiza comportamentului vizitatorilor Marketing D\u00e2nd clic pe \u201eAccept\u201d, sunte\u021bi de acord cu utilizarea informa\u021biilor dumneavoastr\u0103 \u00een scopurile men\u021bionate mai sus. De asemenea, pute\u021bi alege scopurile pentru care consim\u021bi\u021bi, folosind butoanele disponibile \u0219i [&hellip;]<\/p>","protected":false},"author":1,"featured_media":0,"parent":0,"menu_order":0,"comment_status":"closed","ping_status":"closed","template":"","meta":{"_acf_changed":false,"footnotes":""},"class_list":["post-12463","page","type-page","status-publish","hentry"],"acf":[],"yoast_head":"<!-- This site is optimized with the Yoast SEO plugin v23.3 - https:\/\/yoast.com\/wordpress\/plugins\/seo\/ -->\n<title>Exploreaz\u0103 tot portofoliul de produse Morad Foods<\/title>\n<meta name=\"description\" content=\"Bun\u0103t\u0103\u021bi de gust\u0103ri gata preg\u0103tite, sosuri, aperitive vegetale \u0219i sucuri proaspete.\" \/>\n<meta name=\"robots\" content=\"index, follow, max-snippet:-1, max-image-preview:large, max-video-preview:-1\" \/>\n<link rel=\"canonical\" href=\"https:\/\/moradfoods.com\/en\/cookie\/\" \/>\n<meta property=\"og:locale\" content=\"en_GB\" \/>\n<meta property=\"og:type\" content=\"article\" \/>\n<meta property=\"og:title\" content=\"Exploreaz\u0103 tot portofoliul de produse Morad Foods\" \/>\n<meta property=\"og:description\" content=\"Bun\u0103t\u0103\u021bi de gust\u0103ri gata preg\u0103tite, sosuri, aperitive vegetale \u0219i sucuri proaspete.\" \/>\n<meta property=\"og:url\" content=\"https:\/\/moradfoods.com\/en\/cookie\/\" \/>\n<meta property=\"og:site_name\" content=\"Morad Foods\" \/>\n<meta property=\"article:modified_time\" content=\"2024-09-02T14:24:37+00:00\" \/>\n<meta property=\"og:image\" content=\"https:\/\/moradfoods.com\/wp-content\/uploads\/2024\/08\/Picture1.png\" \/>\n<meta name=\"twitter:card\" content=\"summary_large_image\" \/>\n<meta name=\"twitter:label1\" content=\"Estimated reading time\" \/>\n\t<meta name=\"twitter:data1\" content=\"6 minutes\" \/>\n<script type=\"application\/ld+json\" class=\"yoast-schema-graph\">{\"@context\":\"https:\/\/schema.org\",\"@graph\":[{\"@type\":\"WebPage\",\"@id\":\"https:\/\/moradfoods.com\/cookie\/\",\"url\":\"https:\/\/moradfoods.com\/cookie\/\",\"name\":\"Exploreaz\u0103 tot portofoliul de produse Morad Foods\",\"isPartOf\":{\"@id\":\"https:\/\/moradfoods.com\/#website\"},\"primaryImageOfPage\":{\"@id\":\"https:\/\/moradfoods.com\/cookie\/#primaryimage\"},\"image\":{\"@id\":\"https:\/\/moradfoods.com\/cookie\/#primaryimage\"},\"thumbnailUrl\":\"https:\/\/moradfoods.com\/wp-content\/uploads\/2024\/08\/Picture1.png\",\"datePublished\":\"2024-07-31T09:42:22+00:00\",\"dateModified\":\"2024-09-02T14:24:37+00:00\",\"description\":\"Bun\u0103t\u0103\u021bi de gust\u0103ri gata preg\u0103tite, sosuri, aperitive vegetale \u0219i sucuri proaspete.\",\"breadcrumb\":{\"@id\":\"https:\/\/moradfoods.com\/cookie\/#breadcrumb\"},\"inLanguage\":\"en-GB\",\"potentialAction\":[{\"@type\":\"ReadAction\",\"target\":[\"https:\/\/moradfoods.com\/cookie\/\"]}]},{\"@type\":\"ImageObject\",\"inLanguage\":\"en-GB\",\"@id\":\"https:\/\/moradfoods.com\/cookie\/#primaryimage\",\"url\":\"https:\/\/moradfoods.com\/wp-content\/uploads\/2024\/08\/Picture1.png\",\"contentUrl\":\"https:\/\/moradfoods.com\/wp-content\/uploads\/2024\/08\/Picture1.png\"},{\"@type\":\"BreadcrumbList\",\"@id\":\"https:\/\/moradfoods.com\/cookie\/#breadcrumb\",\"itemListElement\":[{\"@type\":\"ListItem\",\"position\":1,\"name\":\"Home\",\"item\":\"https:\/\/moradfoods.com\/\"},{\"@type\":\"ListItem\",\"position\":2,\"name\":\"Cookie\"}]},{\"@type\":\"WebSite\",\"@id\":\"https:\/\/moradfoods.com\/#website\",\"url\":\"https:\/\/moradfoods.com\/\",\"name\":\"Morad Foods\",\"description\":\"Morad Foods\",\"publisher\":{\"@id\":\"https:\/\/moradfoods.com\/#organization\"},\"potentialAction\":[{\"@type\":\"SearchAction\",\"target\":{\"@type\":\"EntryPoint\",\"urlTemplate\":\"https:\/\/moradfoods.com\/?s={search_term_string}\"},\"query-input\":\"required name=search_term_string\"}],\"inLanguage\":\"en-GB\"},{\"@type\":\"Organization\",\"@id\":\"https:\/\/moradfoods.com\/#organization\",\"name\":\"Morad Foods\",\"url\":\"https:\/\/moradfoods.com\/\",\"logo\":{\"@type\":\"ImageObject\",\"inLanguage\":\"en-GB\",\"@id\":\"https:\/\/moradfoods.com\/#\/schema\/logo\/image\/\",\"url\":\"https:\/\/moradfoods.com\/wp-content\/uploads\/2024\/07\/Layer_1.svg\",\"contentUrl\":\"https:\/\/moradfoods.com\/wp-content\/uploads\/2024\/07\/Layer_1.svg\",\"width\":76,\"height\":79,\"caption\":\"Morad Foods\"},\"image\":{\"@id\":\"https:\/\/moradfoods.com\/#\/schema\/logo\/image\/\"}}]}<\/script>\n<!-- \/ Yoast SEO plugin. -->","yoast_head_json":{"title":"Exploreaz\u0103 tot portofoliul de produse Morad Foods","description":"Bun\u0103t\u0103\u021bi de gust\u0103ri gata preg\u0103tite, sosuri, aperitive vegetale \u0219i sucuri proaspete.","robots":{"index":"index","follow":"follow","max-snippet":"max-snippet:-1","max-image-preview":"max-image-preview:large","max-video-preview":"max-video-preview:-1"},"canonical":"https:\/\/moradfoods.com\/en\/cookie\/","og_locale":"en_GB","og_type":"article","og_title":"Exploreaz\u0103 tot portofoliul de produse Morad Foods","og_description":"Bun\u0103t\u0103\u021bi de gust\u0103ri gata preg\u0103tite, sosuri, aperitive vegetale \u0219i sucuri proaspete.","og_url":"https:\/\/moradfoods.com\/en\/cookie\/","og_site_name":"Morad Foods","article_modified_time":"2024-09-02T14:24:37+00:00","og_image":[{"url":"https:\/\/moradfoods.com\/wp-content\/uploads\/2024\/08\/Picture1.png"}],"twitter_card":"summary_large_image","twitter_misc":{"Estimated reading time":"6 minutes"},"schema":{"@context":"https:\/\/schema.org","@graph":[{"@type":"WebPage","@id":"https:\/\/moradfoods.com\/cookie\/","url":"https:\/\/moradfoods.com\/cookie\/","name":"Exploreaz\u0103 tot portofoliul de produse Morad Foods","isPartOf":{"@id":"https:\/\/moradfoods.com\/#website"},"primaryImageOfPage":{"@id":"https:\/\/moradfoods.com\/cookie\/#primaryimage"},"image":{"@id":"https:\/\/moradfoods.com\/cookie\/#primaryimage"},"thumbnailUrl":"https:\/\/moradfoods.com\/wp-content\/uploads\/2024\/08\/Picture1.png","datePublished":"2024-07-31T09:42:22+00:00","dateModified":"2024-09-02T14:24:37+00:00","description":"Bun\u0103t\u0103\u021bi de gust\u0103ri gata preg\u0103tite, sosuri, aperitive vegetale \u0219i sucuri proaspete.","breadcrumb":{"@id":"https:\/\/moradfoods.com\/cookie\/#breadcrumb"},"inLanguage":"en-GB","potentialAction":[{"@type":"ReadAction","target":["https:\/\/moradfoods.com\/cookie\/"]}]},{"@type":"ImageObject","inLanguage":"en-GB","@id":"https:\/\/moradfoods.com\/cookie\/#primaryimage","url":"https:\/\/moradfoods.com\/wp-content\/uploads\/2024\/08\/Picture1.png","contentUrl":"https:\/\/moradfoods.com\/wp-content\/uploads\/2024\/08\/Picture1.png"},{"@type":"BreadcrumbList","@id":"https:\/\/moradfoods.com\/cookie\/#breadcrumb","itemListElement":[{"@type":"ListItem","position":1,"name":"Home","item":"https:\/\/moradfoods.com\/"},{"@type":"ListItem","position":2,"name":"Cookie"}]},{"@type":"WebSite","@id":"https:\/\/moradfoods.com\/#website","url":"https:\/\/moradfoods.com\/","name":"Morad Foods","description":"Morad Foods","publisher":{"@id":"https:\/\/moradfoods.com\/#organization"},"potentialAction":[{"@type":"SearchAction","target":{"@type":"EntryPoint","urlTemplate":"https:\/\/moradfoods.com\/?s={search_term_string}"},"query-input":"required name=search_term_string"}],"inLanguage":"en-GB"},{"@type":"Organization","@id":"https:\/\/moradfoods.com\/#organization","name":"Morad Foods","url":"https:\/\/moradfoods.com\/","logo":{"@type":"ImageObject","inLanguage":"en-GB","@id":"https:\/\/moradfoods.com\/#\/schema\/logo\/image\/","url":"https:\/\/moradfoods.com\/wp-content\/uploads\/2024\/07\/Layer_1.svg","contentUrl":"https:\/\/moradfoods.com\/wp-content\/uploads\/2024\/07\/Layer_1.svg","width":76,"height":79,"caption":"Morad Foods"},"image":{"@id":"https:\/\/moradfoods.com\/#\/schema\/logo\/image\/"}}]}},"rttpg_featured_image_url":null,"rttpg_author":{"display_name":"morad_admin","author_link":"https:\/\/moradfoods.com\/en\/author\/morad_admin\/"},"rttpg_comment":0,"rttpg_category":null,"rttpg_excerpt":"Controla\u021bi datele dumneavoastr\u0103 Noi \u0219i partenerii no\u0219tri folosim cookie-uri \u0219i tehnologii similare pentru a colecta informa\u021bii despre dumneavoastr\u0103 \u00een urm\u0103toarele scopuri: Func\u021bionalitatea site-ului Analiza comportamentului vizitatorilor Marketing D\u00e2nd clic pe \u201eAccept\u201d, sunte\u021bi de acord cu utilizarea informa\u021biilor dumneavoastr\u0103 \u00een scopurile men\u021bionate mai sus. De asemenea, pute\u021bi alege scopurile pentru care consim\u021bi\u021bi, folosind butoanele disponibile \u0219i&hellip;","_links":{"self":[{"href":"https:\/\/moradfoods.com\/en\/wp-json\/wp\/v2\/pages\/12463"}],"collection":[{"href":"https:\/\/moradfoods.com\/en\/wp-json\/wp\/v2\/pages"}],"about":[{"href":"https:\/\/moradfoods.com\/en\/wp-json\/wp\/v2\/types\/page"}],"author":[{"embeddable":true,"href":"https:\/\/moradfoods.com\/en\/wp-json\/wp\/v2\/users\/1"}],"replies":[{"embeddable":true,"href":"https:\/\/moradfoods.com\/en\/wp-json\/wp\/v2\/comments?post=12463"}],"version-history":[{"count":22,"href":"https:\/\/moradfoods.com\/en\/wp-json\/wp\/v2\/pages\/12463\/revisions"}],"predecessor-version":[{"id":13414,"href":"https:\/\/moradfoods.com\/en\/wp-json\/wp\/v2\/pages\/12463\/revisions\/13414"}],"wp:attachment":[{"href":"https:\/\/moradfoods.com\/en\/wp-json\/wp\/v2\/media?parent=12463"}],"curies":[{"name":"wp","href":"https:\/\/api.w.org\/{rel}","templated":true}]}}